{"id":4256,"date":"2021-05-28T10:04:11","date_gmt":"2021-05-28T10:04:11","guid":{"rendered":"https:\/\/www.bormar.com\/construction-de-moules\/prestations-de-service\/"},"modified":"2021-05-28T10:04:11","modified_gmt":"2021-05-28T10:04:11","slug":"prestations-de-service","status":"publish","type":"page","link":"https:\/\/www.bormar.com\/fr\/prestations-de-service\/","title":{"rendered":"Prestations de service"},"content":{"rendered":"\t\t<div data-elementor-type=\"wp-post\" data-elementor-id=\"4256\" class=\"elementor elementor-4256 elementor-2237\" data-elementor-settings=\"[]\">\n\t\t\t\t\t\t\t<div class=\"elementor-section-wrap\">\n\t\t\t\t\t\t\t<section class=\"elementor-section elementor-top-section elementor-element elementor-element-463eb549 elementor-section-boxed elementor-section-height-default elementor-section-height-default\" data-id=\"463eb549\" data-element_type=\"section\" data-settings=\"{&quot;background_background&quot;:&quot;classic&quot;}\">\n\t\t\t\t\t\t\t<div class=\"elementor-background-overlay\"><\/div>\n\t\t\t\t\t\t\t<div class=\"elementor-container elementor-column-gap-no\">\n\t\t\t\t\t<div class=\"elementor-column elementor-col-100 elementor-top-column elementor-element elementor-element-42c45cce\" data-id=\"42c45cce\" data-element_type=\"column\" data-settings=\"{&quot;background_background&quot;:&quot;classic&quot;}\">\n\t\t\t<div class=\"elementor-widget-wrap elementor-element-populated\">\n\t\t\t\t\t\t\t\t<div class=\"elementor-element elementor-element-3f97f4e elementor-widget elementor-widget-heading\" data-id=\"3f97f4e\" data-element_type=\"widget\" data-widget_type=\"heading.default\">\n\t\t\t\t<div class=\"elementor-widget-container\">\n\t\t\t<h1 class=\"elementor-heading-title elementor-size-default\">Prestations de service<\/h1>\t\t<\/div>\n\t\t\t\t<\/div>\n\t\t\t\t\t<\/div>\n\t\t<\/div>\n\t\t\t\t\t\t\t<\/div>\n\t\t<\/section>\n\t\t\t\t<section class=\"elementor-section elementor-top-section elementor-element elementor-element-45635ef4 elementor-section-content-middle elementor-section-boxed elementor-section-height-default elementor-section-height-default\" data-id=\"45635ef4\" data-element_type=\"section\" data-settings=\"{&quot;background_background&quot;:&quot;gradient&quot;}\">\n\t\t\t\t\t\t<div class=\"elementor-container elementor-column-gap-no\">\n\t\t\t\t\t<div class=\"elementor-column elementor-col-100 elementor-top-column elementor-element elementor-element-17d8e6b1\" data-id=\"17d8e6b1\" data-element_type=\"column\">\n\t\t\t<div class=\"elementor-widget-wrap elementor-element-populated\">\n\t\t\t\t\t\t\t\t<div class=\"elementor-element elementor-element-f5f8ea0 elementor-widget elementor-widget-heading\" data-id=\"f5f8ea0\" data-element_type=\"widget\" data-widget_type=\"heading.default\">\n\t\t\t\t<div class=\"elementor-widget-container\">\n\t\t\t<h3 class=\"elementor-heading-title elementor-size-default\">En plus nous avons un service de assistance technique et d'entretien pour les moules d\u00e9j\u00e0 existantes, pour offrir aux clients une meilleure garantie de qualit\u00e9 et rendement dans les temps.<\/h3>\t\t<\/div>\n\t\t\t\t<\/div>\n\t\t\t\t\t<\/div>\n\t\t<\/div>\n\t\t\t\t\t\t\t<\/div>\n\t\t<\/section>\n\t\t\t\t<section class=\"elementor-section elementor-top-section elementor-element elementor-element-65fdbe49 elementor-section-content-middle elementor-section-boxed elementor-section-height-default elementor-section-height-default\" data-id=\"65fdbe49\" data-element_type=\"section\" data-settings=\"{&quot;background_background&quot;:&quot;classic&quot;}\">\n\t\t\t\t\t\t<div class=\"elementor-container elementor-column-gap-no\">\n\t\t\t\t\t<div class=\"elementor-column elementor-col-100 elementor-top-column elementor-element elementor-element-7151cf4\" data-id=\"7151cf4\" data-element_type=\"column\">\n\t\t\t<div class=\"elementor-widget-wrap elementor-element-populated\">\n\t\t\t\t\t\t\t\t<div class=\"elementor-element elementor-element-5712fc7 elementor-widget elementor-widget-uael-advanced-heading\" data-id=\"5712fc7\" data-element_type=\"widget\" data-widget_type=\"uael-advanced-heading.default\">\n\t\t\t\t<div class=\"elementor-widget-container\">\n\t\t\t\r\n\t\t<div class=\"uael-module-content uael-heading-wrapper\">\r\n\t\t\t\r\n\t\t\t\r\n\t\t\t<h3 class=\"uael-heading\">\r\n\t\t\t\t\t\t\t\t\t\t<span class=\"uael-heading-text elementor-inline-editing uael-size--default\" data-elementor-setting-key=\"heading_title\" data-elementor-inline-editing-toolbar=\"basic\">Maintenance et pi\u00e8ces de rechange<\/span>\r\n\t\t\t\t\t\t\t<\/h3>\r\n\r\n\t\t\t\r\n\t\t\t\t\t\t<div class=\"uael-module-content uael-separator-parent\">\r\n\t\t\t\t\t\t\t\t\t\t\t\t\t<div class=\"uael-separator\"><\/div>\r\n\t\t\t\t\t\t\t<\/div>\r\n\t\t\t\r\n\t\t\t\t\t\t\t<div class=\"uael-subheading elementor-inline-editing\" data-elementor-setting-key=\"heading_description\" data-elementor-inline-editing-toolbar=\"advanced\" >\r\n\t\t\t\t\tPour accompagner nos clients tout au long du cycle de vie de nos moules, nous offrons la possibilit\u00e9 d'une maintenance ordinaire et extraordinaire, avec des temps reduits. Il est \u00e9galement possible de d\u00e9finir des programmes de maintenance pr\u00e9ventive, pour mieux entretenir le mat\u00e9riel et prolonger sa dur\u00e9e de vie utile.\r\n\r\n<br> Nous offrons \u00e9galement la possibilit\u00e9 d'acheter des pi\u00e8ces d\u00e9tach\u00e9es r\u00e9alis\u00e9es sur plans, ou standardis\u00e9es.\t\t\t\t<\/div>\r\n\t\t\t\t\r\n\t\t\t\t\t\t<\/div>\r\n\t\t\t\t<\/div>\n\t\t\t\t<\/div>\n\t\t\t\t<div class=\"elementor-element elementor-element-3cdef4a elementor-widget elementor-widget-uael-advanced-heading\" data-id=\"3cdef4a\" data-element_type=\"widget\" data-widget_type=\"uael-advanced-heading.default\">\n\t\t\t\t<div class=\"elementor-widget-container\">\n\t\t\t\r\n\t\t<div class=\"uael-module-content uael-heading-wrapper\">\r\n\t\t\t\r\n\t\t\t\r\n\t\t\t<h3 class=\"uael-heading\">\r\n\t\t\t\t\t\t\t\t\t\t<span class=\"uael-heading-text elementor-inline-editing uael-size--default\" data-elementor-setting-key=\"heading_title\" data-elementor-inline-editing-toolbar=\"basic\">Nettoyage des moules<\/span>\r\n\t\t\t\t\t\t\t<\/h3>\r\n\r\n\t\t\t\r\n\t\t\t\t\t\t<div class=\"uael-module-content uael-separator-parent\">\r\n\t\t\t\t\t\t\t\t\t\t\t\t\t<div class=\"uael-separator\"><\/div>\r\n\t\t\t\t\t\t\t<\/div>\r\n\t\t\t\r\n\t\t\t\t\t\t\t<div class=\"uael-subheading elementor-inline-editing\" data-elementor-setting-key=\"heading_description\" data-elementor-inline-editing-toolbar=\"advanced\" >\r\n\t\t\t\t\tLe nettoyage des moules est un processus important qui doit \u00eatre effectu\u00e9 avec une certaine r\u00e9gularit\u00e9 afin de ne pas compromettre leur dur\u00e9e. Pour cette raison, nous offrons la possibilit\u00e9 \u00e0 ceux qui ne sont pas \u00e9quip\u00e9s d'utiliser ce service.\t\t\t\t<\/div>\r\n\t\t\t\t\r\n\t\t\t\t\t\t<\/div>\r\n\t\t\t\t<\/div>\n\t\t\t\t<\/div>\n\t\t\t\t<div class=\"elementor-element elementor-element-191ec80 elementor-widget elementor-widget-uael-advanced-heading\" data-id=\"191ec80\" data-element_type=\"widget\" data-widget_type=\"uael-advanced-heading.default\">\n\t\t\t\t<div class=\"elementor-widget-container\">\n\t\t\t\r\n\t\t<div class=\"uael-module-content uael-heading-wrapper\">\r\n\t\t\t\r\n\t\t\t\r\n\t\t\t<h3 class=\"uael-heading\">\r\n\t\t\t\t\t\t\t\t\t\t<span class=\"uael-heading-text elementor-inline-editing uael-size--default\" data-elementor-setting-key=\"heading_title\" data-elementor-inline-editing-toolbar=\"basic\">\u00c9chantillons<\/span>\r\n\t\t\t\t\t\t\t<\/h3>\r\n\r\n\t\t\t\r\n\t\t\t\t\t\t<div class=\"uael-module-content uael-separator-parent\">\r\n\t\t\t\t\t\t\t\t\t\t\t\t\t<div class=\"uael-separator\"><\/div>\r\n\t\t\t\t\t\t\t<\/div>\r\n\t\t\t\r\n\t\t\t\t\t\t\t<div class=\"uael-subheading elementor-inline-editing\" data-elementor-setting-key=\"heading_description\" data-elementor-inline-editing-toolbar=\"advanced\" >\r\n\t\t\t\t\tCe service vous permet de v\u00e9rifier et de r\u00e9soudre d'\u00e9ventuels probl\u00e8mes critiques avant la livraison du moule.\t\t\t\t<\/div>\r\n\t\t\t\t\r\n\t\t\t\t\t\t<\/div>\r\n\t\t\t\t<\/div>\n\t\t\t\t<\/div>\n\t\t\t\t<div class=\"elementor-element elementor-element-623045b elementor-widget elementor-widget-uael-advanced-heading\" data-id=\"623045b\" data-element_type=\"widget\" data-widget_type=\"uael-advanced-heading.default\">\n\t\t\t\t<div class=\"elementor-widget-container\">\n\t\t\t\r\n\t\t<div class=\"uael-module-content uael-heading-wrapper\">\r\n\t\t\t\r\n\t\t\t\r\n\t\t\t<h3 class=\"uael-heading\">\r\n\t\t\t\t\t\t\t\t\t\t<span class=\"uael-heading-text elementor-inline-editing uael-size--default\" data-elementor-setting-key=\"heading_title\" data-elementor-inline-editing-toolbar=\"basic\">Gravure laser<\/span>\r\n\t\t\t\t\t\t\t<\/h3>\r\n\r\n\t\t\t\r\n\t\t\t\t\t\t<div class=\"uael-module-content uael-separator-parent\">\r\n\t\t\t\t\t\t\t\t\t\t\t\t\t<div class=\"uael-separator\"><\/div>\r\n\t\t\t\t\t\t\t<\/div>\r\n\t\t\t\r\n\t\t\t\t\t\t\t<div class=\"uael-subheading elementor-inline-editing\" data-elementor-setting-key=\"heading_description\" data-elementor-inline-editing-toolbar=\"advanced\" >\r\n\t\t\t\t\tGr\u00e2ce \u00e0 la technologie laser, nous pouvons r\u00e9aliser des incisions et des marquages \u200b\u200bsp\u00e9ciaux sur les empreintes et \/ ou sur le moule, m\u00eame dans les zones difficiles d'acc\u00e8s. \t\t\t\t<\/div>\r\n\t\t\t\t\r\n\t\t\t\t\t\t<\/div>\r\n\t\t\t\t<\/div>\n\t\t\t\t<\/div>\n\t\t\t\t\t<\/div>\n\t\t<\/div>\n\t\t\t\t\t\t\t<\/div>\n\t\t<\/section>\n\t\t\t\t\t\t<\/div>\n\t\t\t\t\t<\/div>\n\t\t","protected":false},"excerpt":{"rendered":"<p>Prestations de service En plus nous avons un service de assistance technique et d&rsquo;entretien pour les moules d\u00e9j\u00e0 existantes, pour offrir aux clients une meilleure garantie de qualit\u00e9 et rendement dans les temps. Maintenance et pi\u00e8ces de rechange Pour accompagner nos clients tout au long du cycle de vie de nos moules, nous offrons la &hellip;<\/p>\n<p class=\"read-more\"> <a class=\"\" href=\"https:\/\/www.bormar.com\/fr\/prestations-de-service\/\"> <span class=\"screen-reader-text\">Prestations de service<\/span> Lire la suite\u00a0\u00bb<\/a><\/p>\n","protected":false},"author":1,"featured_media":0,"parent":0,"menu_order":0,"comment_status":"closed","ping_status":"closed","template":"","meta":[],"yoast_head":"<!-- This site is optimized with the Yoast SEO plugin v17.0 - https:\/\/yoast.com\/wordpress\/plugins\/seo\/ -->\n<title>Prestations de service - Bormar<\/title>\n<meta name=\"description\" content=\"Prestations de service En plus nous avons un service de assistance technique et d&#039;entretien pour les moules d\u00e9j\u00e0 existantes, pour offrir aux clients une\" \/>\n<meta name=\"robots\" content=\"index, follow, max-snippet:-1, max-image-preview:large, max-video-preview:-1\" \/>\n<link rel=\"canonical\" href=\"https:\/\/www.bormar.com\/fr\/prestations-de-service\/\" \/>\n<meta property=\"og:locale\" content=\"fr_FR\" \/>\n<meta property=\"og:type\" content=\"article\" \/>\n<meta property=\"og:title\" content=\"Prestations de service - Bormar\" \/>\n<meta property=\"og:description\" content=\"Prestations de service En plus nous avons un service de assistance technique et d&#039;entretien pour les moules d\u00e9j\u00e0 existantes, pour offrir aux clients une\" \/>\n<meta property=\"og:url\" content=\"https:\/\/www.bormar.com\/fr\/prestations-de-service\/\" \/>\n<meta property=\"og:site_name\" content=\"Bormar\" \/>\n<meta name=\"twitter:card\" content=\"summary_large_image\" \/>\n<meta name=\"twitter:label1\" content=\"Dur\u00e9e de lecture est.\" \/>\n\t<meta name=\"twitter:data1\" content=\"1 minute\" \/>\n<script type=\"application\/ld+json\" class=\"yoast-schema-graph\">{\"@context\":\"https:\/\/schema.org\",\"@graph\":[{\"@type\":\"WebSite\",\"@id\":\"https:\/\/www.bormar.com\/#website\",\"url\":\"https:\/\/www.bormar.com\/\",\"name\":\"Bormar\",\"description\":\"Stampi e componenti meccanici di precisione\",\"potentialAction\":[{\"@type\":\"SearchAction\",\"target\":{\"@type\":\"EntryPoint\",\"urlTemplate\":\"https:\/\/www.bormar.com\/?s={search_term_string}\"},\"query-input\":\"required name=search_term_string\"}],\"inLanguage\":\"fr-FR\"},{\"@type\":\"WebPage\",\"@id\":\"https:\/\/www.bormar.com\/fr\/prestations-de-service\/#webpage\",\"url\":\"https:\/\/www.bormar.com\/fr\/prestations-de-service\/\",\"name\":\"Prestations de service - Bormar\",\"isPartOf\":{\"@id\":\"https:\/\/www.bormar.com\/#website\"},\"datePublished\":\"2021-05-28T10:04:11+00:00\",\"dateModified\":\"2021-05-28T10:04:11+00:00\",\"description\":\"Prestations de service En plus nous avons un service de assistance technique et d'entretien pour les moules d\\u00e9j\\u00e0 existantes, pour offrir aux clients une\",\"breadcrumb\":{\"@id\":\"https:\/\/www.bormar.com\/fr\/prestations-de-service\/#breadcrumb\"},\"inLanguage\":\"fr-FR\",\"potentialAction\":[{\"@type\":\"ReadAction\",\"target\":[\"https:\/\/www.bormar.com\/fr\/prestations-de-service\/\"]}]},{\"@type\":\"BreadcrumbList\",\"@id\":\"https:\/\/www.bormar.com\/fr\/prestations-de-service\/#breadcrumb\",\"itemListElement\":[{\"@type\":\"ListItem\",\"position\":1,\"name\":\"Home\",\"item\":\"https:\/\/www.bormar.com\/fr\/\"},{\"@type\":\"ListItem\",\"position\":2,\"name\":\"Prestations de service\"}]}]}<\/script>\n<!-- \/ Yoast SEO plugin. -->","yoast_head_json":{"title":"Prestations de service - Bormar","description":"Prestations de service En plus nous avons un service de assistance technique et d'entretien pour les moules d\u00e9j\u00e0 existantes, pour offrir aux clients une","robots":{"index":"index","follow":"follow","max-snippet":"max-snippet:-1","max-image-preview":"max-image-preview:large","max-video-preview":"max-video-preview:-1"},"canonical":"https:\/\/www.bormar.com\/fr\/prestations-de-service\/","og_locale":"fr_FR","og_type":"article","og_title":"Prestations de service - Bormar","og_description":"Prestations de service En plus nous avons un service de assistance technique et d'entretien pour les moules d\u00e9j\u00e0 existantes, pour offrir aux clients une","og_url":"https:\/\/www.bormar.com\/fr\/prestations-de-service\/","og_site_name":"Bormar","twitter_card":"summary_large_image","twitter_misc":{"Dur\u00e9e de lecture est.":"1 minute"},"schema":{"@context":"https:\/\/schema.org","@graph":[{"@type":"WebSite","@id":"https:\/\/www.bormar.com\/#website","url":"https:\/\/www.bormar.com\/","name":"Bormar","description":"Stampi e componenti meccanici di precisione","potentialAction":[{"@type":"SearchAction","target":{"@type":"EntryPoint","urlTemplate":"https:\/\/www.bormar.com\/?s={search_term_string}"},"query-input":"required name=search_term_string"}],"inLanguage":"fr-FR"},{"@type":"WebPage","@id":"https:\/\/www.bormar.com\/fr\/prestations-de-service\/#webpage","url":"https:\/\/www.bormar.com\/fr\/prestations-de-service\/","name":"Prestations de service - Bormar","isPartOf":{"@id":"https:\/\/www.bormar.com\/#website"},"datePublished":"2021-05-28T10:04:11+00:00","dateModified":"2021-05-28T10:04:11+00:00","description":"Prestations de service En plus nous avons un service de assistance technique et d'entretien pour les moules d\u00e9j\u00e0 existantes, pour offrir aux clients une","breadcrumb":{"@id":"https:\/\/www.bormar.com\/fr\/prestations-de-service\/#breadcrumb"},"inLanguage":"fr-FR","potentialAction":[{"@type":"ReadAction","target":["https:\/\/www.bormar.com\/fr\/prestations-de-service\/"]}]},{"@type":"BreadcrumbList","@id":"https:\/\/www.bormar.com\/fr\/prestations-de-service\/#breadcrumb","itemListElement":[{"@type":"ListItem","position":1,"name":"Home","item":"https:\/\/www.bormar.com\/fr\/"},{"@type":"ListItem","position":2,"name":"Prestations de service"}]}]}},"_links":{"self":[{"href":"https:\/\/www.bormar.com\/fr\/wp-json\/wp\/v2\/pages\/4256"}],"collection":[{"href":"https:\/\/www.bormar.com\/fr\/wp-json\/wp\/v2\/pages"}],"about":[{"href":"https:\/\/www.bormar.com\/fr\/wp-json\/wp\/v2\/types\/page"}],"author":[{"embeddable":true,"href":"https:\/\/www.bormar.com\/fr\/wp-json\/wp\/v2\/users\/1"}],"replies":[{"embeddable":true,"href":"https:\/\/www.bormar.com\/fr\/wp-json\/wp\/v2\/comments?post=4256"}],"version-history":[{"count":1,"href":"https:\/\/www.bormar.com\/fr\/wp-json\/wp\/v2\/pages\/4256\/revisions"}],"predecessor-version":[{"id":4257,"href":"https:\/\/www.bormar.com\/fr\/wp-json\/wp\/v2\/pages\/4256\/revisions\/4257"}],"wp:attachment":[{"href":"https:\/\/www.bormar.com\/fr\/wp-json\/wp\/v2\/media?parent=4256"}],"curies":[{"name":"wp","href":"https:\/\/api.w.org\/{rel}","templated":true}]}}