{"id":3897,"date":"2021-05-24T07:38:02","date_gmt":"2021-05-24T07:38:02","guid":{"rendered":"https:\/\/www.bormar.com\/conception-moules\/"},"modified":"2021-07-08T12:17:20","modified_gmt":"2021-07-08T12:17:20","slug":"conception-moules","status":"publish","type":"page","link":"https:\/\/www.bormar.com\/fr\/conception-moules\/","title":{"rendered":"Conception moules"},"content":{"rendered":"\t\t<div data-elementor-type=\"wp-post\" data-elementor-id=\"3897\" class=\"elementor elementor-3897 elementor-3124\" data-elementor-settings=\"[]\">\n\t\t\t\t\t\t\t<div class=\"elementor-section-wrap\">\n\t\t\t\t\t\t\t<section class=\"elementor-section elementor-top-section elementor-element elementor-element-463eb549 elementor-section-boxed elementor-section-height-default elementor-section-height-default\" data-id=\"463eb549\" data-element_type=\"section\" data-settings=\"{&quot;background_background&quot;:&quot;classic&quot;}\">\n\t\t\t\t\t\t\t<div class=\"elementor-background-overlay\"><\/div>\n\t\t\t\t\t\t\t<div class=\"elementor-container elementor-column-gap-no\">\n\t\t\t\t\t<div class=\"elementor-column elementor-col-100 elementor-top-column elementor-element elementor-element-42c45cce\" data-id=\"42c45cce\" data-element_type=\"column\" data-settings=\"{&quot;background_background&quot;:&quot;classic&quot;}\">\n\t\t\t<div class=\"elementor-widget-wrap elementor-element-populated\">\n\t\t\t\t\t\t\t\t<div class=\"elementor-element elementor-element-3f97f4e elementor-widget elementor-widget-heading\" data-id=\"3f97f4e\" data-element_type=\"widget\" data-widget_type=\"heading.default\">\n\t\t\t\t<div class=\"elementor-widget-container\">\n\t\t\t<h1 class=\"elementor-heading-title elementor-size-default\">Conception moules<\/h1>\t\t<\/div>\n\t\t\t\t<\/div>\n\t\t\t\t\t<\/div>\n\t\t<\/div>\n\t\t\t\t\t\t\t<\/div>\n\t\t<\/section>\n\t\t\t\t<section class=\"elementor-section elementor-top-section elementor-element elementor-element-45635ef4 elementor-section-content-middle elementor-section-boxed elementor-section-height-default elementor-section-height-default\" data-id=\"45635ef4\" data-element_type=\"section\" data-settings=\"{&quot;background_background&quot;:&quot;gradient&quot;}\">\n\t\t\t\t\t\t<div class=\"elementor-container elementor-column-gap-no\">\n\t\t\t\t\t<div class=\"elementor-column elementor-col-100 elementor-top-column elementor-element elementor-element-17d8e6b1\" data-id=\"17d8e6b1\" data-element_type=\"column\">\n\t\t\t<div class=\"elementor-widget-wrap elementor-element-populated\">\n\t\t\t\t\t\t\t\t<div class=\"elementor-element elementor-element-f5f8ea0 elementor-widget elementor-widget-heading\" data-id=\"f5f8ea0\" data-element_type=\"widget\" data-widget_type=\"heading.default\">\n\t\t\t\t<div class=\"elementor-widget-container\">\n\t\t\t<h3 class=\"elementor-heading-title elementor-size-default\">Notre entreprise, pr\u00e9sente dans le march\u00e9 depuis plus de 4 d\u00e9cennies, construit moules \u00e0 injection pour les mati\u00e8res plastiques techniques.<\/h3>\t\t<\/div>\n\t\t\t\t<\/div>\n\t\t\t\t<section class=\"elementor-section elementor-inner-section elementor-element elementor-element-5635abcd elementor-section-content-middle elementor-section-boxed elementor-section-height-default elementor-section-height-default\" data-id=\"5635abcd\" data-element_type=\"section\">\n\t\t\t\t\t\t<div class=\"elementor-container elementor-column-gap-no\">\n\t\t\t\t\t<div class=\"elementor-column elementor-col-50 elementor-inner-column elementor-element elementor-element-7d5d590\" data-id=\"7d5d590\" data-element_type=\"column\">\n\t\t\t<div class=\"elementor-widget-wrap elementor-element-populated\">\n\t\t\t\t\t\t\t\t<div class=\"elementor-element elementor-element-3695ef37 elementor-widget elementor-widget-image\" data-id=\"3695ef37\" data-element_type=\"widget\" data-widget_type=\"image.default\">\n\t\t\t\t<div class=\"elementor-widget-container\">\n\t\t\t\t\t\t\t\t\t\t\t\t\t\t\t<img src=\"https:\/\/www.bormar.com\/wp-content\/uploads\/elementor\/thumbs\/progettazione-stampi-1-p6yi4aci72mb471rkbd6fp8h6lnawp40zuswxm3b48.jpg\" title=\"progettazione-stampi-1\" alt=\"progettazione-stampi-1\" \/>\t\t\t\t\t\t\t\t\t\t\t\t\t\t\t<\/div>\n\t\t\t\t<\/div>\n\t\t\t\t\t<\/div>\n\t\t<\/div>\n\t\t\t\t<div class=\"elementor-column elementor-col-50 elementor-inner-column elementor-element elementor-element-6a32df4\" data-id=\"6a32df4\" data-element_type=\"column\">\n\t\t\t<div class=\"elementor-widget-wrap elementor-element-populated\">\n\t\t\t\t\t\t\t\t<div class=\"elementor-element elementor-element-6a39b0af elementor-widget elementor-widget-heading\" data-id=\"6a39b0af\" data-element_type=\"widget\" data-widget_type=\"heading.default\">\n\t\t\t\t<div class=\"elementor-widget-container\">\n\t\t\t<h6 class=\"elementor-heading-title elementor-size-default\">Pi\u00e8ces en plastique<\/h6>\t\t<\/div>\n\t\t\t\t<\/div>\n\t\t\t\t<div class=\"elementor-element elementor-element-12b72aa4 elementor-widget elementor-widget-heading\" data-id=\"12b72aa4\" data-element_type=\"widget\" data-widget_type=\"heading.default\">\n\t\t\t\t<div class=\"elementor-widget-container\">\n\t\t\t<h2 class=\"elementor-heading-title elementor-size-default\">Conception moules<\/h2>\t\t<\/div>\n\t\t\t\t<\/div>\n\t\t\t\t<div class=\"elementor-element elementor-element-2e30ca18 elementor-widget-divider--view-line elementor-widget elementor-widget-divider\" data-id=\"2e30ca18\" data-element_type=\"widget\" data-widget_type=\"divider.default\">\n\t\t\t\t<div class=\"elementor-widget-container\">\n\t\t\t\t\t<div class=\"elementor-divider\">\n\t\t\t<span class=\"elementor-divider-separator\">\n\t\t\t\t\t\t<\/span>\n\t\t<\/div>\n\t\t\t\t<\/div>\n\t\t\t\t<\/div>\n\t\t\t\t<div class=\"elementor-element elementor-element-41e28180 elementor-widget elementor-widget-text-editor\" data-id=\"41e28180\" data-element_type=\"widget\" data-widget_type=\"text-editor.default\">\n\t\t\t\t<div class=\"elementor-widget-container\">\n\t\t\t\t\t\t\t\t<p>Gr\u00e2ce \u00e0 notre \u00e9quipe de projecteurs nous donnons forme \u00e0 vos id\u00e9es, \u00e0 partir de la r\u00e9alisation du prototype en st\u00e9r\u00e9olithographie, la conception du moule avec des modernes syst\u00e8mes CAD\/CAM, jusqu&rsquo;\u00e0 la construction du moule et au moulage des pi\u00e8ces en plastique.<\/p>\n\t\t\t\t\t\t<\/div>\n\t\t\t\t<\/div>\n\t\t\t\t\t<\/div>\n\t\t<\/div>\n\t\t\t\t\t\t\t<\/div>\n\t\t<\/section>\n\t\t\t\t\t<\/div>\n\t\t<\/div>\n\t\t\t\t\t\t\t<\/div>\n\t\t<\/section>\n\t\t\t\t<section class=\"elementor-section elementor-top-section elementor-element elementor-element-65fdbe49 elementor-section-content-middle elementor-section-boxed elementor-section-height-default elementor-section-height-default\" data-id=\"65fdbe49\" data-element_type=\"section\" data-settings=\"{&quot;background_background&quot;:&quot;classic&quot;}\">\n\t\t\t\t\t\t<div class=\"elementor-container elementor-column-gap-no\">\n\t\t\t\t\t<div class=\"elementor-column elementor-col-100 elementor-top-column elementor-element elementor-element-7151cf4\" data-id=\"7151cf4\" data-element_type=\"column\">\n\t\t\t<div class=\"elementor-widget-wrap elementor-element-populated\">\n\t\t\t\t\t\t\t\t<section class=\"elementor-section elementor-inner-section elementor-element elementor-element-404cbd8a elementor-section-content-middle elementor-section-boxed elementor-section-height-default elementor-section-height-default\" data-id=\"404cbd8a\" data-element_type=\"section\">\n\t\t\t\t\t\t<div class=\"elementor-container elementor-column-gap-no\">\n\t\t\t\t\t<div class=\"elementor-column elementor-col-50 elementor-inner-column elementor-element elementor-element-5cbb2ed2\" data-id=\"5cbb2ed2\" data-element_type=\"column\">\n\t\t\t<div class=\"elementor-widget-wrap elementor-element-populated\">\n\t\t\t\t\t\t\t\t<div class=\"elementor-element elementor-element-70a13d7 elementor-widget elementor-widget-heading\" data-id=\"70a13d7\" data-element_type=\"widget\" data-widget_type=\"heading.default\">\n\t\t\t\t<div class=\"elementor-widget-container\">\n\t\t\t<h6 class=\"elementor-heading-title elementor-size-default\">Pi\u00e8ces en plastique<\/h6>\t\t<\/div>\n\t\t\t\t<\/div>\n\t\t\t\t<div class=\"elementor-element elementor-element-2b283f07 elementor-widget elementor-widget-heading\" data-id=\"2b283f07\" data-element_type=\"widget\" data-widget_type=\"heading.default\">\n\t\t\t\t<div class=\"elementor-widget-container\">\n\t\t\t<h2 class=\"elementor-heading-title elementor-size-default\">Prototypage de moules<\/h2>\t\t<\/div>\n\t\t\t\t<\/div>\n\t\t\t\t<div class=\"elementor-element elementor-element-4a19999f elementor-widget-divider--view-line elementor-widget elementor-widget-divider\" data-id=\"4a19999f\" data-element_type=\"widget\" data-widget_type=\"divider.default\">\n\t\t\t\t<div class=\"elementor-widget-container\">\n\t\t\t\t\t<div class=\"elementor-divider\">\n\t\t\t<span class=\"elementor-divider-separator\">\n\t\t\t\t\t\t<\/span>\n\t\t<\/div>\n\t\t\t\t<\/div>\n\t\t\t\t<\/div>\n\t\t\t\t<div class=\"elementor-element elementor-element-5fa5bc9e elementor-widget elementor-widget-text-editor\" data-id=\"5fa5bc9e\" data-element_type=\"widget\" data-widget_type=\"text-editor.default\">\n\t\t\t\t<div class=\"elementor-widget-container\">\n\t\t\t\t\t\t\t\t<p>Gr\u00e2ce \u00e0 ce service, l\u2019entreprise Bormar utilise la technologie afin de r\u00e9aliser vos id\u00e9es, en cr\u00e9ant rapidement des prototypes en mati\u00e8re plastique parfaitement fonctionnels et pouvant \u00eatre mont\u00e9s et test\u00e9s.<\/p>\n<p>Le processus utilis\u00e9 est la ster\u00e9olitographie qui permet d\u2019obtenir un prototype fait sur mesure que ce soit comme pi\u00e8ce unique ou comme une petite s\u00e9rie.<\/p>\n\t\t\t\t\t\t<\/div>\n\t\t\t\t<\/div>\n\t\t\t\t\t<\/div>\n\t\t<\/div>\n\t\t\t\t<div class=\"elementor-column elementor-col-50 elementor-inner-column elementor-element elementor-element-34a56e78\" data-id=\"34a56e78\" data-element_type=\"column\">\n\t\t\t<div class=\"elementor-widget-wrap elementor-element-populated\">\n\t\t\t\t\t\t\t\t<div class=\"elementor-element elementor-element-441016d8 elementor-widget elementor-widget-image\" data-id=\"441016d8\" data-element_type=\"widget\" data-widget_type=\"image.default\">\n\t\t\t\t<div class=\"elementor-widget-container\">\n\t\t\t\t\t\t\t\t\t\t\t\t\t\t\t<img src=\"https:\/\/www.bormar.com\/wp-content\/uploads\/elementor\/thumbs\/progettazione3-p6yi48grmgqlxub7e3xsbggifp2zwup7t5mwiwj2n4.jpg\" title=\"progettazione3\" alt=\"progettazione3\" \/>\t\t\t\t\t\t\t\t\t\t\t\t\t\t\t<\/div>\n\t\t\t\t<\/div>\n\t\t\t\t\t<\/div>\n\t\t<\/div>\n\t\t\t\t\t\t\t<\/div>\n\t\t<\/section>\n\t\t\t\t\t<\/div>\n\t\t<\/div>\n\t\t\t\t\t\t\t<\/div>\n\t\t<\/section>\n\t\t\t\t<section class=\"elementor-section elementor-top-section elementor-element elementor-element-9056cdb elementor-section-boxed elementor-section-height-default elementor-section-height-default\" data-id=\"9056cdb\" data-element_type=\"section\" data-settings=\"{&quot;background_background&quot;:&quot;classic&quot;}\">\n\t\t\t\t\t\t\t<div class=\"elementor-background-overlay\"><\/div>\n\t\t\t\t\t\t\t<div class=\"elementor-container elementor-column-gap-no\">\n\t\t\t\t\t<div class=\"elementor-column elementor-col-100 elementor-top-column elementor-element elementor-element-9d6a54\" data-id=\"9d6a54\" data-element_type=\"column\">\n\t\t\t<div class=\"elementor-widget-wrap elementor-element-populated\">\n\t\t\t\t\t\t\t\t<div class=\"elementor-element elementor-element-546c6fd0 elementor-widget-divider--view-line elementor-widget elementor-widget-divider\" data-id=\"546c6fd0\" data-element_type=\"widget\" data-widget_type=\"divider.default\">\n\t\t\t\t<div class=\"elementor-widget-container\">\n\t\t\t\t\t<div class=\"elementor-divider\">\n\t\t\t<span class=\"elementor-divider-separator\">\n\t\t\t\t\t\t<\/span>\n\t\t<\/div>\n\t\t\t\t<\/div>\n\t\t\t\t<\/div>\n\t\t\t\t<div class=\"elementor-element elementor-element-364093 elementor-widget elementor-widget-heading\" data-id=\"364093\" data-element_type=\"widget\" data-widget_type=\"heading.default\">\n\t\t\t\t<div class=\"elementor-widget-container\">\n\t\t\t<h2 class=\"elementor-heading-title elementor-size-default\">Conseil en applications plastiques<\/h2>\t\t<\/div>\n\t\t\t\t<\/div>\n\t\t\t\t<div class=\"elementor-element elementor-element-6da149d2 elementor-widget elementor-widget-text-editor\" data-id=\"6da149d2\" data-element_type=\"widget\" data-widget_type=\"text-editor.default\">\n\t\t\t\t<div class=\"elementor-widget-container\">\n\t\t\t\t\t\t\t\t<p>Contactez-nous ou demandez un devis<\/p>\n\t\t\t\t\t\t<\/div>\n\t\t\t\t<\/div>\n\t\t\t\t<div class=\"elementor-element elementor-element-17b83881 elementor-align-center elementor-widget elementor-widget-button\" data-id=\"17b83881\" data-element_type=\"widget\" data-widget_type=\"button.default\">\n\t\t\t\t<div class=\"elementor-widget-container\">\n\t\t\t\t\t<div class=\"elementor-button-wrapper\">\n\t\t\t<a href=\"https:\/\/www.bormar.com\/fr\/contacts\/\" class=\"elementor-button-link elementor-button elementor-size-xs\" role=\"button\">\n\t\t\t\t\t\t<span class=\"elementor-button-content-wrapper\">\n\t\t\t\t\t\t<span class=\"elementor-button-icon elementor-align-icon-right\">\n\t\t\t\t<svg xmlns=\"http:\/\/www.w3.org\/2000\/svg\" viewBox=\"0 0 32 32\"><path d=\"M 18.71875 6.78125 L 17.28125 8.21875 L 24.0625 15 L 4 15 L 4 17 L 24.0625 17 L 17.28125 23.78125 L 18.71875 25.21875 L 27.21875 16.71875 L 27.90625 16 L 27.21875 15.28125 Z\"><\/path><\/svg>\t\t\t<\/span>\n\t\t\t\t\t\t<span class=\"elementor-button-text\">\u00c9crivez-nous<\/span>\n\t\t<\/span>\n\t\t\t\t\t<\/a>\n\t\t<\/div>\n\t\t\t\t<\/div>\n\t\t\t\t<\/div>\n\t\t\t\t\t<\/div>\n\t\t<\/div>\n\t\t\t\t\t\t\t<\/div>\n\t\t<\/section>\n\t\t\t\t\t\t<\/div>\n\t\t\t\t\t<\/div>\n\t\t","protected":false},"excerpt":{"rendered":"<p>Conception moules Notre entreprise, pr\u00e9sente dans le march\u00e9 depuis plus de 4 d\u00e9cennies, construit moules \u00e0 injection pour les mati\u00e8res plastiques techniques. Pi\u00e8ces en plastique Conception moules Gr\u00e2ce \u00e0 notre \u00e9quipe de projecteurs nous donnons forme \u00e0 vos id\u00e9es, \u00e0 partir de la r\u00e9alisation du prototype en st\u00e9r\u00e9olithographie, la conception du moule avec des modernes &hellip;<\/p>\n<p class=\"read-more\"> <a class=\"\" href=\"https:\/\/www.bormar.com\/fr\/conception-moules\/\"> <span class=\"screen-reader-text\">Conception moules<\/span> Lire la suite\u00a0\u00bb<\/a><\/p>\n","protected":false},"author":1,"featured_media":0,"parent":0,"menu_order":0,"comment_status":"closed","ping_status":"closed","template":"","meta":[],"yoast_head":"<!-- This site is optimized with the Yoast SEO plugin v17.0 - https:\/\/yoast.com\/wordpress\/plugins\/seo\/ -->\n<title>Conception moules - Bormar<\/title>\n<meta name=\"description\" content=\"Conception moules Notre entreprise, pr\u00e9sente dans le march\u00e9 depuis plus de 4 d\u00e9cennies, construit moules \u00e0 injection pour les mati\u00e8res plastiques\" \/>\n<meta name=\"robots\" content=\"index, follow, max-snippet:-1, max-image-preview:large, max-video-preview:-1\" \/>\n<link rel=\"canonical\" href=\"https:\/\/www.bormar.com\/fr\/conception-moules\/\" \/>\n<meta property=\"og:locale\" content=\"fr_FR\" \/>\n<meta property=\"og:type\" content=\"article\" \/>\n<meta property=\"og:title\" content=\"Conception moules - Bormar\" \/>\n<meta property=\"og:description\" content=\"Conception moules Notre entreprise, pr\u00e9sente dans le march\u00e9 depuis plus de 4 d\u00e9cennies, construit moules \u00e0 injection pour les mati\u00e8res plastiques\" \/>\n<meta property=\"og:url\" content=\"https:\/\/www.bormar.com\/fr\/conception-moules\/\" \/>\n<meta property=\"og:site_name\" content=\"Bormar\" \/>\n<meta property=\"article:modified_time\" content=\"2021-07-08T12:17:20+00:00\" \/>\n<meta property=\"og:image\" content=\"https:\/\/www.bormar.com\/wp-content\/uploads\/elementor\/thumbs\/progettazione-stampi-1-p6yi4aci72mb471rkbd6fp8h6lnawp40zuswxm3b48.jpg\" \/>\n<meta name=\"twitter:card\" content=\"summary_large_image\" \/>\n<meta name=\"twitter:label1\" content=\"Dur\u00e9e de lecture est.\" \/>\n\t<meta name=\"twitter:data1\" content=\"1 minute\" \/>\n<script type=\"application\/ld+json\" class=\"yoast-schema-graph\">{\"@context\":\"https:\/\/schema.org\",\"@graph\":[{\"@type\":\"WebSite\",\"@id\":\"https:\/\/www.bormar.com\/#website\",\"url\":\"https:\/\/www.bormar.com\/\",\"name\":\"Bormar\",\"description\":\"Stampi e componenti meccanici di precisione\",\"potentialAction\":[{\"@type\":\"SearchAction\",\"target\":{\"@type\":\"EntryPoint\",\"urlTemplate\":\"https:\/\/www.bormar.com\/?s={search_term_string}\"},\"query-input\":\"required name=search_term_string\"}],\"inLanguage\":\"fr-FR\"},{\"@type\":\"ImageObject\",\"@id\":\"https:\/\/www.bormar.com\/fr\/conception-moules\/#primaryimage\",\"inLanguage\":\"fr-FR\",\"url\":\"https:\/\/www.bormar.com\/wp-content\/uploads\/elementor\/thumbs\/progettazione-stampi-1-p6yi4aci72mb471rkbd6fp8h6lnawp40zuswxm3b48.jpg\",\"contentUrl\":\"https:\/\/www.bormar.com\/wp-content\/uploads\/elementor\/thumbs\/progettazione-stampi-1-p6yi4aci72mb471rkbd6fp8h6lnawp40zuswxm3b48.jpg\"},{\"@type\":\"WebPage\",\"@id\":\"https:\/\/www.bormar.com\/fr\/conception-moules\/#webpage\",\"url\":\"https:\/\/www.bormar.com\/fr\/conception-moules\/\",\"name\":\"Conception moules - Bormar\",\"isPartOf\":{\"@id\":\"https:\/\/www.bormar.com\/#website\"},\"primaryImageOfPage\":{\"@id\":\"https:\/\/www.bormar.com\/fr\/conception-moules\/#primaryimage\"},\"datePublished\":\"2021-05-24T07:38:02+00:00\",\"dateModified\":\"2021-07-08T12:17:20+00:00\",\"description\":\"Conception moules Notre entreprise, pr\\u00e9sente dans le march\\u00e9 depuis plus de 4 d\\u00e9cennies, construit moules \\u00e0 injection pour les mati\\u00e8res plastiques\",\"breadcrumb\":{\"@id\":\"https:\/\/www.bormar.com\/fr\/conception-moules\/#breadcrumb\"},\"inLanguage\":\"fr-FR\",\"potentialAction\":[{\"@type\":\"ReadAction\",\"target\":[\"https:\/\/www.bormar.com\/fr\/conception-moules\/\"]}]},{\"@type\":\"BreadcrumbList\",\"@id\":\"https:\/\/www.bormar.com\/fr\/conception-moules\/#breadcrumb\",\"itemListElement\":[{\"@type\":\"ListItem\",\"position\":1,\"name\":\"Home\",\"item\":\"https:\/\/www.bormar.com\/fr\/\"},{\"@type\":\"ListItem\",\"position\":2,\"name\":\"Conception moules\"}]}]}<\/script>\n<!-- \/ Yoast SEO plugin. -->","yoast_head_json":{"title":"Conception moules - Bormar","description":"Conception moules Notre entreprise, pr\u00e9sente dans le march\u00e9 depuis plus de 4 d\u00e9cennies, construit moules \u00e0 injection pour les mati\u00e8res plastiques","robots":{"index":"index","follow":"follow","max-snippet":"max-snippet:-1","max-image-preview":"max-image-preview:large","max-video-preview":"max-video-preview:-1"},"canonical":"https:\/\/www.bormar.com\/fr\/conception-moules\/","og_locale":"fr_FR","og_type":"article","og_title":"Conception moules - Bormar","og_description":"Conception moules Notre entreprise, pr\u00e9sente dans le march\u00e9 depuis plus de 4 d\u00e9cennies, construit moules \u00e0 injection pour les mati\u00e8res plastiques","og_url":"https:\/\/www.bormar.com\/fr\/conception-moules\/","og_site_name":"Bormar","article_modified_time":"2021-07-08T12:17:20+00:00","og_image":[{"url":"https:\/\/www.bormar.com\/wp-content\/uploads\/elementor\/thumbs\/progettazione-stampi-1-p6yi4aci72mb471rkbd6fp8h6lnawp40zuswxm3b48.jpg"}],"twitter_card":"summary_large_image","twitter_misc":{"Dur\u00e9e de lecture est.":"1 minute"},"schema":{"@context":"https:\/\/schema.org","@graph":[{"@type":"WebSite","@id":"https:\/\/www.bormar.com\/#website","url":"https:\/\/www.bormar.com\/","name":"Bormar","description":"Stampi e componenti meccanici di precisione","potentialAction":[{"@type":"SearchAction","target":{"@type":"EntryPoint","urlTemplate":"https:\/\/www.bormar.com\/?s={search_term_string}"},"query-input":"required name=search_term_string"}],"inLanguage":"fr-FR"},{"@type":"ImageObject","@id":"https:\/\/www.bormar.com\/fr\/conception-moules\/#primaryimage","inLanguage":"fr-FR","url":"https:\/\/www.bormar.com\/wp-content\/uploads\/elementor\/thumbs\/progettazione-stampi-1-p6yi4aci72mb471rkbd6fp8h6lnawp40zuswxm3b48.jpg","contentUrl":"https:\/\/www.bormar.com\/wp-content\/uploads\/elementor\/thumbs\/progettazione-stampi-1-p6yi4aci72mb471rkbd6fp8h6lnawp40zuswxm3b48.jpg"},{"@type":"WebPage","@id":"https:\/\/www.bormar.com\/fr\/conception-moules\/#webpage","url":"https:\/\/www.bormar.com\/fr\/conception-moules\/","name":"Conception moules - Bormar","isPartOf":{"@id":"https:\/\/www.bormar.com\/#website"},"primaryImageOfPage":{"@id":"https:\/\/www.bormar.com\/fr\/conception-moules\/#primaryimage"},"datePublished":"2021-05-24T07:38:02+00:00","dateModified":"2021-07-08T12:17:20+00:00","description":"Conception moules Notre entreprise, pr\u00e9sente dans le march\u00e9 depuis plus de 4 d\u00e9cennies, construit moules \u00e0 injection pour les mati\u00e8res plastiques","breadcrumb":{"@id":"https:\/\/www.bormar.com\/fr\/conception-moules\/#breadcrumb"},"inLanguage":"fr-FR","potentialAction":[{"@type":"ReadAction","target":["https:\/\/www.bormar.com\/fr\/conception-moules\/"]}]},{"@type":"BreadcrumbList","@id":"https:\/\/www.bormar.com\/fr\/conception-moules\/#breadcrumb","itemListElement":[{"@type":"ListItem","position":1,"name":"Home","item":"https:\/\/www.bormar.com\/fr\/"},{"@type":"ListItem","position":2,"name":"Conception moules"}]}]}},"_links":{"self":[{"href":"https:\/\/www.bormar.com\/fr\/wp-json\/wp\/v2\/pages\/3897"}],"collection":[{"href":"https:\/\/www.bormar.com\/fr\/wp-json\/wp\/v2\/pages"}],"about":[{"href":"https:\/\/www.bormar.com\/fr\/wp-json\/wp\/v2\/types\/page"}],"author":[{"embeddable":true,"href":"https:\/\/www.bormar.com\/fr\/wp-json\/wp\/v2\/users\/1"}],"replies":[{"embeddable":true,"href":"https:\/\/www.bormar.com\/fr\/wp-json\/wp\/v2\/comments?post=3897"}],"version-history":[{"count":3,"href":"https:\/\/www.bormar.com\/fr\/wp-json\/wp\/v2\/pages\/3897\/revisions"}],"predecessor-version":[{"id":4449,"href":"https:\/\/www.bormar.com\/fr\/wp-json\/wp\/v2\/pages\/3897\/revisions\/4449"}],"wp:attachment":[{"href":"https:\/\/www.bormar.com\/fr\/wp-json\/wp\/v2\/media?parent=3897"}],"curies":[{"name":"wp","href":"https:\/\/api.w.org\/{rel}","templated":true}]}}