{"id":3847,"date":"2021-05-21T15:23:00","date_gmt":"2021-05-21T15:23:00","guid":{"rendered":"https:\/\/www.bormar.com\/construction-de-moules\/moulage\/"},"modified":"2021-07-07T08:33:04","modified_gmt":"2021-07-07T08:33:04","slug":"moulage","status":"publish","type":"page","link":"https:\/\/www.bormar.com\/fr\/moulage\/","title":{"rendered":"Moulage"},"content":{"rendered":"\t\t<div data-elementor-type=\"wp-post\" data-elementor-id=\"3847\" class=\"elementor elementor-3847 elementor-2935\" data-elementor-settings=\"[]\">\n\t\t\t\t\t\t\t<div class=\"elementor-section-wrap\">\n\t\t\t\t\t\t\t<section class=\"elementor-section elementor-top-section elementor-element elementor-element-463eb549 elementor-section-boxed elementor-section-height-default elementor-section-height-default\" data-id=\"463eb549\" data-element_type=\"section\" data-settings=\"{&quot;background_background&quot;:&quot;classic&quot;}\">\n\t\t\t\t\t\t\t<div class=\"elementor-background-overlay\"><\/div>\n\t\t\t\t\t\t\t<div class=\"elementor-container elementor-column-gap-no\">\n\t\t\t\t\t<div class=\"elementor-column elementor-col-100 elementor-top-column elementor-element elementor-element-42c45cce\" data-id=\"42c45cce\" data-element_type=\"column\" data-settings=\"{&quot;background_background&quot;:&quot;classic&quot;}\">\n\t\t\t<div class=\"elementor-widget-wrap elementor-element-populated\">\n\t\t\t\t\t\t\t\t<div class=\"elementor-element elementor-element-3f97f4e elementor-widget elementor-widget-heading\" data-id=\"3f97f4e\" data-element_type=\"widget\" data-widget_type=\"heading.default\">\n\t\t\t\t<div class=\"elementor-widget-container\">\n\t\t\t<h1 class=\"elementor-heading-title elementor-size-default\">Moulage<\/h1>\t\t<\/div>\n\t\t\t\t<\/div>\n\t\t\t\t\t<\/div>\n\t\t<\/div>\n\t\t\t\t\t\t\t<\/div>\n\t\t<\/section>\n\t\t\t\t<section class=\"elementor-section elementor-top-section elementor-element elementor-element-45635ef4 elementor-section-content-middle elementor-section-boxed elementor-section-height-default elementor-section-height-default\" data-id=\"45635ef4\" data-element_type=\"section\" data-settings=\"{&quot;background_background&quot;:&quot;gradient&quot;}\">\n\t\t\t\t\t\t<div class=\"elementor-container elementor-column-gap-no\">\n\t\t\t\t\t<div class=\"elementor-column elementor-col-100 elementor-top-column elementor-element elementor-element-17d8e6b1\" data-id=\"17d8e6b1\" data-element_type=\"column\">\n\t\t\t<div class=\"elementor-widget-wrap elementor-element-populated\">\n\t\t\t\t\t\t\t\t<div class=\"elementor-element elementor-element-f5f8ea0 elementor-widget elementor-widget-heading\" data-id=\"f5f8ea0\" data-element_type=\"widget\" data-widget_type=\"heading.default\">\n\t\t\t\t<div class=\"elementor-widget-container\">\n\t\t\t<h3 class=\"elementor-heading-title elementor-size-default\">Le d\u00e9partement moulage est compos\u00e9 par des presses \u00e0 injection de 50 \u00e0 300 tonnes, en mesure de r\u00e9aliser pi\u00e8ces de 1 g jusqu\u2019\u00e0 2 Kg, toujours avec des tr\u00e8s hauts standards de qualit\u00e9.<\/h3>\t\t<\/div>\n\t\t\t\t<\/div>\n\t\t\t\t<section class=\"elementor-section elementor-inner-section elementor-element elementor-element-5635abcd elementor-section-content-middle elementor-section-boxed elementor-section-height-default elementor-section-height-default\" data-id=\"5635abcd\" data-element_type=\"section\">\n\t\t\t\t\t\t<div class=\"elementor-container elementor-column-gap-no\">\n\t\t\t\t\t<div class=\"elementor-column elementor-col-50 elementor-inner-column elementor-element elementor-element-7d5d590\" data-id=\"7d5d590\" data-element_type=\"column\">\n\t\t\t<div class=\"elementor-widget-wrap elementor-element-populated\">\n\t\t\t\t\t\t\t\t<div class=\"elementor-element elementor-element-3695ef37 elementor-widget elementor-widget-image\" data-id=\"3695ef37\" data-element_type=\"widget\" data-widget_type=\"image.default\">\n\t\t\t\t<div class=\"elementor-widget-container\">\n\t\t\t\t\t\t\t\t\t\t\t\t\t\t\t<img width=\"1200\" height=\"1400\" src=\"https:\/\/www.bormar.com\/wp-content\/uploads\/2021\/05\/stampaggio1.jpg\" class=\"attachment-full size-full\" alt=\"\" loading=\"lazy\" srcset=\"https:\/\/www.bormar.com\/wp-content\/uploads\/2021\/05\/stampaggio1.jpg 1200w, https:\/\/www.bormar.com\/wp-content\/uploads\/2021\/05\/stampaggio1-257x300.jpg 257w, https:\/\/www.bormar.com\/wp-content\/uploads\/2021\/05\/stampaggio1-878x1024.jpg 878w, https:\/\/www.bormar.com\/wp-content\/uploads\/2021\/05\/stampaggio1-768x896.jpg 768w\" sizes=\"(max-width: 1200px) 100vw, 1200px\" \/>\t\t\t\t\t\t\t\t\t\t\t\t\t\t\t<\/div>\n\t\t\t\t<\/div>\n\t\t\t\t\t<\/div>\n\t\t<\/div>\n\t\t\t\t<div class=\"elementor-column elementor-col-50 elementor-inner-column elementor-element elementor-element-6a32df4\" data-id=\"6a32df4\" data-element_type=\"column\">\n\t\t\t<div class=\"elementor-widget-wrap elementor-element-populated\">\n\t\t\t\t\t\t\t\t<div class=\"elementor-element elementor-element-441016d8 elementor-widget elementor-widget-image\" data-id=\"441016d8\" data-element_type=\"widget\" data-widget_type=\"image.default\">\n\t\t\t\t<div class=\"elementor-widget-container\">\n\t\t\t\t\t\t\t\t\t\t\t\t\t\t\t<img width=\"1400\" height=\"1782\" src=\"https:\/\/www.bormar.com\/wp-content\/uploads\/2021\/05\/stampaggio2.jpg\" class=\"attachment-full size-full\" alt=\"\" loading=\"lazy\" srcset=\"https:\/\/www.bormar.com\/wp-content\/uploads\/2021\/05\/stampaggio2.jpg 1400w, https:\/\/www.bormar.com\/wp-content\/uploads\/2021\/05\/stampaggio2-236x300.jpg 236w, https:\/\/www.bormar.com\/wp-content\/uploads\/2021\/05\/stampaggio2-804x1024.jpg 804w, https:\/\/www.bormar.com\/wp-content\/uploads\/2021\/05\/stampaggio2-768x978.jpg 768w, https:\/\/www.bormar.com\/wp-content\/uploads\/2021\/05\/stampaggio2-1207x1536.jpg 1207w\" sizes=\"(max-width: 1400px) 100vw, 1400px\" \/>\t\t\t\t\t\t\t\t\t\t\t\t\t\t\t<\/div>\n\t\t\t\t<\/div>\n\t\t\t\t\t<\/div>\n\t\t<\/div>\n\t\t\t\t\t\t\t<\/div>\n\t\t<\/section>\n\t\t\t\t\t<\/div>\n\t\t<\/div>\n\t\t\t\t\t\t\t<\/div>\n\t\t<\/section>\n\t\t\t\t\t\t<\/div>\n\t\t\t\t\t<\/div>\n\t\t","protected":false},"excerpt":{"rendered":"<p>Moulage Le d\u00e9partement moulage est compos\u00e9 par des presses \u00e0 injection de 50 \u00e0 300 tonnes, en mesure de r\u00e9aliser pi\u00e8ces de 1 g jusqu\u2019\u00e0 2 Kg, toujours avec des tr\u00e8s hauts standards de qualit\u00e9.<\/p>\n","protected":false},"author":1,"featured_media":0,"parent":0,"menu_order":0,"comment_status":"closed","ping_status":"closed","template":"","meta":[],"yoast_head":"<!-- This site is optimized with the Yoast SEO plugin v17.0 - https:\/\/yoast.com\/wordpress\/plugins\/seo\/ -->\n<title>Moulage - Bormar<\/title>\n<meta name=\"description\" content=\"Moulage Le d\u00e9partement moulage est compos\u00e9 par des presses \u00e0 injection de 50 \u00e0 300 tonnes, en mesure de r\u00e9aliser pi\u00e8ces de 1 g jusqu\u2019\u00e0 2 Kg, toujours avec\" \/>\n<meta name=\"robots\" content=\"index, follow, max-snippet:-1, max-image-preview:large, max-video-preview:-1\" \/>\n<link rel=\"canonical\" href=\"https:\/\/www.bormar.com\/fr\/moulage\/\" \/>\n<meta property=\"og:locale\" content=\"fr_FR\" \/>\n<meta property=\"og:type\" content=\"article\" \/>\n<meta property=\"og:title\" content=\"Moulage - Bormar\" \/>\n<meta property=\"og:description\" content=\"Moulage Le d\u00e9partement moulage est compos\u00e9 par des presses \u00e0 injection de 50 \u00e0 300 tonnes, en mesure de r\u00e9aliser pi\u00e8ces de 1 g jusqu\u2019\u00e0 2 Kg, toujours avec\" \/>\n<meta property=\"og:url\" content=\"https:\/\/www.bormar.com\/fr\/moulage\/\" \/>\n<meta property=\"og:site_name\" content=\"Bormar\" \/>\n<meta property=\"article:modified_time\" content=\"2021-07-07T08:33:04+00:00\" \/>\n<meta property=\"og:image\" content=\"https:\/\/www.bormar.com\/wp-content\/uploads\/2021\/05\/stampaggio1.jpg\" \/>\n<meta name=\"twitter:card\" content=\"summary_large_image\" \/>\n<script type=\"application\/ld+json\" class=\"yoast-schema-graph\">{\"@context\":\"https:\/\/schema.org\",\"@graph\":[{\"@type\":\"WebSite\",\"@id\":\"https:\/\/www.bormar.com\/#website\",\"url\":\"https:\/\/www.bormar.com\/\",\"name\":\"Bormar\",\"description\":\"Stampi e componenti meccanici di precisione\",\"potentialAction\":[{\"@type\":\"SearchAction\",\"target\":{\"@type\":\"EntryPoint\",\"urlTemplate\":\"https:\/\/www.bormar.com\/?s={search_term_string}\"},\"query-input\":\"required name=search_term_string\"}],\"inLanguage\":\"fr-FR\"},{\"@type\":\"ImageObject\",\"@id\":\"https:\/\/www.bormar.com\/fr\/moulage\/#primaryimage\",\"inLanguage\":\"fr-FR\",\"url\":\"https:\/\/www.bormar.com\/wp-content\/uploads\/2021\/05\/stampaggio1.jpg\",\"contentUrl\":\"https:\/\/www.bormar.com\/wp-content\/uploads\/2021\/05\/stampaggio1.jpg\",\"width\":1200,\"height\":1400},{\"@type\":\"WebPage\",\"@id\":\"https:\/\/www.bormar.com\/fr\/moulage\/#webpage\",\"url\":\"https:\/\/www.bormar.com\/fr\/moulage\/\",\"name\":\"Moulage - Bormar\",\"isPartOf\":{\"@id\":\"https:\/\/www.bormar.com\/#website\"},\"primaryImageOfPage\":{\"@id\":\"https:\/\/www.bormar.com\/fr\/moulage\/#primaryimage\"},\"datePublished\":\"2021-05-21T15:23:00+00:00\",\"dateModified\":\"2021-07-07T08:33:04+00:00\",\"description\":\"Moulage Le d\\u00e9partement moulage est compos\\u00e9 par des presses \\u00e0 injection de 50 \\u00e0 300 tonnes, en mesure de r\\u00e9aliser pi\\u00e8ces de 1 g jusqu\\u2019\\u00e0 2 Kg, toujours avec\",\"breadcrumb\":{\"@id\":\"https:\/\/www.bormar.com\/fr\/moulage\/#breadcrumb\"},\"inLanguage\":\"fr-FR\",\"potentialAction\":[{\"@type\":\"ReadAction\",\"target\":[\"https:\/\/www.bormar.com\/fr\/moulage\/\"]}]},{\"@type\":\"BreadcrumbList\",\"@id\":\"https:\/\/www.bormar.com\/fr\/moulage\/#breadcrumb\",\"itemListElement\":[{\"@type\":\"ListItem\",\"position\":1,\"name\":\"Home\",\"item\":\"https:\/\/www.bormar.com\/fr\/\"},{\"@type\":\"ListItem\",\"position\":2,\"name\":\"Moulage\"}]}]}<\/script>\n<!-- \/ Yoast SEO plugin. -->","yoast_head_json":{"title":"Moulage - Bormar","description":"Moulage Le d\u00e9partement moulage est compos\u00e9 par des presses \u00e0 injection de 50 \u00e0 300 tonnes, en mesure de r\u00e9aliser pi\u00e8ces de 1 g jusqu\u2019\u00e0 2 Kg, toujours avec","robots":{"index":"index","follow":"follow","max-snippet":"max-snippet:-1","max-image-preview":"max-image-preview:large","max-video-preview":"max-video-preview:-1"},"canonical":"https:\/\/www.bormar.com\/fr\/moulage\/","og_locale":"fr_FR","og_type":"article","og_title":"Moulage - Bormar","og_description":"Moulage Le d\u00e9partement moulage est compos\u00e9 par des presses \u00e0 injection de 50 \u00e0 300 tonnes, en mesure de r\u00e9aliser pi\u00e8ces de 1 g jusqu\u2019\u00e0 2 Kg, toujours avec","og_url":"https:\/\/www.bormar.com\/fr\/moulage\/","og_site_name":"Bormar","article_modified_time":"2021-07-07T08:33:04+00:00","og_image":[{"url":"https:\/\/www.bormar.com\/wp-content\/uploads\/2021\/05\/stampaggio1.jpg"}],"twitter_card":"summary_large_image","schema":{"@context":"https:\/\/schema.org","@graph":[{"@type":"WebSite","@id":"https:\/\/www.bormar.com\/#website","url":"https:\/\/www.bormar.com\/","name":"Bormar","description":"Stampi e componenti meccanici di precisione","potentialAction":[{"@type":"SearchAction","target":{"@type":"EntryPoint","urlTemplate":"https:\/\/www.bormar.com\/?s={search_term_string}"},"query-input":"required name=search_term_string"}],"inLanguage":"fr-FR"},{"@type":"ImageObject","@id":"https:\/\/www.bormar.com\/fr\/moulage\/#primaryimage","inLanguage":"fr-FR","url":"https:\/\/www.bormar.com\/wp-content\/uploads\/2021\/05\/stampaggio1.jpg","contentUrl":"https:\/\/www.bormar.com\/wp-content\/uploads\/2021\/05\/stampaggio1.jpg","width":1200,"height":1400},{"@type":"WebPage","@id":"https:\/\/www.bormar.com\/fr\/moulage\/#webpage","url":"https:\/\/www.bormar.com\/fr\/moulage\/","name":"Moulage - Bormar","isPartOf":{"@id":"https:\/\/www.bormar.com\/#website"},"primaryImageOfPage":{"@id":"https:\/\/www.bormar.com\/fr\/moulage\/#primaryimage"},"datePublished":"2021-05-21T15:23:00+00:00","dateModified":"2021-07-07T08:33:04+00:00","description":"Moulage Le d\u00e9partement moulage est compos\u00e9 par des presses \u00e0 injection de 50 \u00e0 300 tonnes, en mesure de r\u00e9aliser pi\u00e8ces de 1 g jusqu\u2019\u00e0 2 Kg, toujours avec","breadcrumb":{"@id":"https:\/\/www.bormar.com\/fr\/moulage\/#breadcrumb"},"inLanguage":"fr-FR","potentialAction":[{"@type":"ReadAction","target":["https:\/\/www.bormar.com\/fr\/moulage\/"]}]},{"@type":"BreadcrumbList","@id":"https:\/\/www.bormar.com\/fr\/moulage\/#breadcrumb","itemListElement":[{"@type":"ListItem","position":1,"name":"Home","item":"https:\/\/www.bormar.com\/fr\/"},{"@type":"ListItem","position":2,"name":"Moulage"}]}]}},"_links":{"self":[{"href":"https:\/\/www.bormar.com\/fr\/wp-json\/wp\/v2\/pages\/3847"}],"collection":[{"href":"https:\/\/www.bormar.com\/fr\/wp-json\/wp\/v2\/pages"}],"about":[{"href":"https:\/\/www.bormar.com\/fr\/wp-json\/wp\/v2\/types\/page"}],"author":[{"embeddable":true,"href":"https:\/\/www.bormar.com\/fr\/wp-json\/wp\/v2\/users\/1"}],"replies":[{"embeddable":true,"href":"https:\/\/www.bormar.com\/fr\/wp-json\/wp\/v2\/comments?post=3847"}],"version-history":[{"count":6,"href":"https:\/\/www.bormar.com\/fr\/wp-json\/wp\/v2\/pages\/3847\/revisions"}],"predecessor-version":[{"id":4412,"href":"https:\/\/www.bormar.com\/fr\/wp-json\/wp\/v2\/pages\/3847\/revisions\/4412"}],"wp:attachment":[{"href":"https:\/\/www.bormar.com\/fr\/wp-json\/wp\/v2\/media?parent=3847"}],"curies":[{"name":"wp","href":"https:\/\/api.w.org\/{rel}","templated":true}]}}