{"id":3807,"date":"2021-05-21T15:13:39","date_gmt":"2021-05-21T15:13:39","guid":{"rendered":"https:\/\/www.bormar.com\/construction-de-moules\/"},"modified":"2021-05-24T08:09:20","modified_gmt":"2021-05-24T08:09:20","slug":"construction-de-moules","status":"publish","type":"page","link":"https:\/\/www.bormar.com\/fr\/construction-de-moules\/","title":{"rendered":"Construction de moules"},"content":{"rendered":"\t\t<div data-elementor-type=\"wp-post\" data-elementor-id=\"3807\" class=\"elementor elementor-3807 elementor-74\" data-elementor-settings=\"[]\">\n\t\t\t\t\t\t\t<div class=\"elementor-section-wrap\">\n\t\t\t\t\t\t\t<section class=\"elementor-section elementor-top-section elementor-element elementor-element-463eb549 elementor-section-boxed elementor-section-height-default elementor-section-height-default\" data-id=\"463eb549\" data-element_type=\"section\" data-settings=\"{&quot;background_background&quot;:&quot;classic&quot;}\">\n\t\t\t\t\t\t\t<div class=\"elementor-background-overlay\"><\/div>\n\t\t\t\t\t\t\t<div class=\"elementor-container elementor-column-gap-no\">\n\t\t\t\t\t<div class=\"elementor-column elementor-col-100 elementor-top-column elementor-element elementor-element-42c45cce\" data-id=\"42c45cce\" data-element_type=\"column\" data-settings=\"{&quot;background_background&quot;:&quot;classic&quot;}\">\n\t\t\t<div class=\"elementor-widget-wrap elementor-element-populated\">\n\t\t\t\t\t\t\t\t<div class=\"elementor-element elementor-element-3f97f4e elementor-widget elementor-widget-heading\" data-id=\"3f97f4e\" data-element_type=\"widget\" data-widget_type=\"heading.default\">\n\t\t\t\t<div class=\"elementor-widget-container\">\n\t\t\t<h1 class=\"elementor-heading-title elementor-size-default\">Construction de moules<\/h1>\t\t<\/div>\n\t\t\t\t<\/div>\n\t\t\t\t\t<\/div>\n\t\t<\/div>\n\t\t\t\t\t\t\t<\/div>\n\t\t<\/section>\n\t\t\t\t<section class=\"elementor-section elementor-top-section elementor-element elementor-element-45635ef4 elementor-section-content-middle elementor-section-boxed elementor-section-height-default elementor-section-height-default\" data-id=\"45635ef4\" data-element_type=\"section\" data-settings=\"{&quot;background_background&quot;:&quot;gradient&quot;}\">\n\t\t\t\t\t\t<div class=\"elementor-container elementor-column-gap-no\">\n\t\t\t\t\t<div class=\"elementor-column elementor-col-100 elementor-top-column elementor-element elementor-element-17d8e6b1\" data-id=\"17d8e6b1\" data-element_type=\"column\">\n\t\t\t<div class=\"elementor-widget-wrap elementor-element-populated\">\n\t\t\t\t\t\t\t\t<div class=\"elementor-element elementor-element-f5f8ea0 elementor-widget elementor-widget-heading\" data-id=\"f5f8ea0\" data-element_type=\"widget\" data-widget_type=\"heading.default\">\n\t\t\t\t<div class=\"elementor-widget-container\">\n\t\t\t<h3 class=\"elementor-heading-title elementor-size-default\">Notre entreprise, pr\u00e9sente dans le march\u00e9 depuis plus de 4 d\u00e9cennies, construit moules \u00e0 injection pour les mati\u00e8res plastiques techniques.<\/h3>\t\t<\/div>\n\t\t\t\t<\/div>\n\t\t\t\t<section class=\"elementor-section elementor-inner-section elementor-element elementor-element-5635abcd elementor-section-content-middle elementor-section-boxed elementor-section-height-default elementor-section-height-default\" data-id=\"5635abcd\" data-element_type=\"section\">\n\t\t\t\t\t\t<div class=\"elementor-container elementor-column-gap-no\">\n\t\t\t\t\t<div class=\"elementor-column elementor-col-50 elementor-inner-column elementor-element elementor-element-7d5d590\" data-id=\"7d5d590\" data-element_type=\"column\">\n\t\t\t<div class=\"elementor-widget-wrap elementor-element-populated\">\n\t\t\t\t\t\t\t\t<div class=\"elementor-element elementor-element-3695ef37 elementor-widget elementor-widget-image\" data-id=\"3695ef37\" data-element_type=\"widget\" data-widget_type=\"image.default\">\n\t\t\t\t<div class=\"elementor-widget-container\">\n\t\t\t\t\t\t\t\t\t\t\t\t\t\t\t<img src=\"https:\/\/www.bormar.com\/wp-content\/uploads\/elementor\/thumbs\/costruzione-stampi-p6ylp5zv9b1mzfuf00vob6fpcif2aor41qxlrf01zc.jpg\" title=\"costruzione-stampi\" alt=\"costruzione-stampi\" \/>\t\t\t\t\t\t\t\t\t\t\t\t\t\t\t<\/div>\n\t\t\t\t<\/div>\n\t\t\t\t\t<\/div>\n\t\t<\/div>\n\t\t\t\t<div class=\"elementor-column elementor-col-50 elementor-inner-column elementor-element elementor-element-6a32df4\" data-id=\"6a32df4\" data-element_type=\"column\">\n\t\t\t<div class=\"elementor-widget-wrap elementor-element-populated\">\n\t\t\t\t\t\t\t\t<div class=\"elementor-element elementor-element-6a39b0af elementor-widget elementor-widget-heading\" data-id=\"6a39b0af\" data-element_type=\"widget\" data-widget_type=\"heading.default\">\n\t\t\t\t<div class=\"elementor-widget-container\">\n\t\t\t<h6 class=\"elementor-heading-title elementor-size-default\">Pi\u00e8ces en plastique<\/h6>\t\t<\/div>\n\t\t\t\t<\/div>\n\t\t\t\t<div class=\"elementor-element elementor-element-12b72aa4 elementor-widget elementor-widget-heading\" data-id=\"12b72aa4\" data-element_type=\"widget\" data-widget_type=\"heading.default\">\n\t\t\t\t<div class=\"elementor-widget-container\">\n\t\t\t<h2 class=\"elementor-heading-title elementor-size-default\">Construction de moules<\/h2>\t\t<\/div>\n\t\t\t\t<\/div>\n\t\t\t\t<div class=\"elementor-element elementor-element-2e30ca18 elementor-widget-divider--view-line elementor-widget elementor-widget-divider\" data-id=\"2e30ca18\" data-element_type=\"widget\" data-widget_type=\"divider.default\">\n\t\t\t\t<div class=\"elementor-widget-container\">\n\t\t\t\t\t<div class=\"elementor-divider\">\n\t\t\t<span class=\"elementor-divider-separator\">\n\t\t\t\t\t\t<\/span>\n\t\t<\/div>\n\t\t\t\t<\/div>\n\t\t\t\t<\/div>\n\t\t\t\t<div class=\"elementor-element elementor-element-41e28180 elementor-widget elementor-widget-text-editor\" data-id=\"41e28180\" data-element_type=\"widget\" data-widget_type=\"text-editor.default\">\n\t\t\t\t<div class=\"elementor-widget-container\">\n\t\t\t\t\t\t\t\t<p>Gr\u00e2ce \u00e0 notre \u00e9quipe de projecteurs nous donnons forme \u00e0 vos id\u00e9es, \u00e0 partir de la r\u00e9alisation du prototype en st\u00e9r\u00e9olithographie, la conception du moule avec des modernes syst\u00e8mes CAD\/CAM, jusqu&rsquo;\u00e0 la construction du moule et au moulage des pi\u00e8ces en plastique.<\/p>\n<p>Le savoir-faire acquis en plus de 40 ans d&rsquo;activit\u00e9, toujours en suivant les \u00e9xigences du march\u00e9, nous a permis de sortir des fronti\u00e8res nationales pour exporter nos produits et d&rsquo;offrir des solutions personnalis\u00e9es aux clients dans les diff\u00e9rents secteurs industriels comme: automobile, \u00e9lectronique, \u00e9lectrom\u00e9nager, m\u00e9dical, \u00e9clairage etc.<\/p>\n\t\t\t\t\t\t<\/div>\n\t\t\t\t<\/div>\n\t\t\t\t\t<\/div>\n\t\t<\/div>\n\t\t\t\t\t\t\t<\/div>\n\t\t<\/section>\n\t\t\t\t\t<\/div>\n\t\t<\/div>\n\t\t\t\t\t\t\t<\/div>\n\t\t<\/section>\n\t\t\t\t<section class=\"elementor-section elementor-top-section elementor-element elementor-element-65fdbe49 elementor-section-content-middle elementor-section-boxed elementor-section-height-default elementor-section-height-default\" data-id=\"65fdbe49\" data-element_type=\"section\" data-settings=\"{&quot;background_background&quot;:&quot;classic&quot;}\">\n\t\t\t\t\t\t<div class=\"elementor-container elementor-column-gap-no\">\n\t\t\t\t\t<div class=\"elementor-column elementor-col-100 elementor-top-column elementor-element elementor-element-7151cf4\" data-id=\"7151cf4\" data-element_type=\"column\">\n\t\t\t<div class=\"elementor-widget-wrap elementor-element-populated\">\n\t\t\t\t\t\t\t\t<section class=\"elementor-section elementor-inner-section elementor-element elementor-element-404cbd8a elementor-section-content-middle elementor-section-boxed elementor-section-height-default elementor-section-height-default\" data-id=\"404cbd8a\" data-element_type=\"section\">\n\t\t\t\t\t\t<div class=\"elementor-container elementor-column-gap-no\">\n\t\t\t\t\t<div class=\"elementor-column elementor-col-50 elementor-inner-column elementor-element elementor-element-5cbb2ed2\" data-id=\"5cbb2ed2\" data-element_type=\"column\">\n\t\t\t<div class=\"elementor-widget-wrap elementor-element-populated\">\n\t\t\t\t\t\t\t\t<div class=\"elementor-element elementor-element-4a19999f elementor-widget-divider--view-line elementor-widget elementor-widget-divider\" data-id=\"4a19999f\" data-element_type=\"widget\" data-widget_type=\"divider.default\">\n\t\t\t\t<div class=\"elementor-widget-container\">\n\t\t\t\t\t<div class=\"elementor-divider\">\n\t\t\t<span class=\"elementor-divider-separator\">\n\t\t\t\t\t\t<\/span>\n\t\t<\/div>\n\t\t\t\t<\/div>\n\t\t\t\t<\/div>\n\t\t\t\t<div class=\"elementor-element elementor-element-5fa5bc9e elementor-widget elementor-widget-text-editor\" data-id=\"5fa5bc9e\" data-element_type=\"widget\" data-widget_type=\"text-editor.default\">\n\t\t\t\t<div class=\"elementor-widget-container\">\n\t\t\t\t\t\t\t\t<p>En plus nous avons un service de assistance technique et d&rsquo;entretien pour les moules d\u00e9j\u00e0 existantes, pour offrir aux clients une meilleure garantie de qualit\u00e9 et rendement dans les temps.<\/p>\n<p>Notre \u00e9quipe, gr\u00e2ce \u00e0 sa capacit\u00e9 technique et \u00e0 l&rsquo;aide d&rsquo;un moderne parc-machines, est sp\u00e9cialis\u00e9e dans la production de moules complexes, aussi avec d\u00e9vissement automatique et finitions de haute qualit\u00e9.<\/p>\n\t\t\t\t\t\t<\/div>\n\t\t\t\t<\/div>\n\t\t\t\t\t<\/div>\n\t\t<\/div>\n\t\t\t\t<div class=\"elementor-column elementor-col-50 elementor-inner-column elementor-element elementor-element-34a56e78\" data-id=\"34a56e78\" data-element_type=\"column\">\n\t\t\t<div class=\"elementor-widget-wrap elementor-element-populated\">\n\t\t\t\t\t\t\t\t<div class=\"elementor-element elementor-element-441016d8 elementor-widget elementor-widget-image\" data-id=\"441016d8\" data-element_type=\"widget\" data-widget_type=\"image.default\">\n\t\t\t\t<div class=\"elementor-widget-container\">\n\t\t\t\t\t\t\t\t\t\t\t\t\t\t\t<img src=\"https:\/\/www.bormar.com\/wp-content\/uploads\/elementor\/thumbs\/costruzione-stampi-2-p6ylp444op5xt33uttga6xnqlluraucav1rlcpfti8.jpg\" title=\"costruzione-stampi-2\" alt=\"costruzione-stampi-2\" \/>\t\t\t\t\t\t\t\t\t\t\t\t\t\t\t<\/div>\n\t\t\t\t<\/div>\n\t\t\t\t\t<\/div>\n\t\t<\/div>\n\t\t\t\t\t\t\t<\/div>\n\t\t<\/section>\n\t\t\t\t\t<\/div>\n\t\t<\/div>\n\t\t\t\t\t\t\t<\/div>\n\t\t<\/section>\n\t\t\t\t<section class=\"elementor-section elementor-top-section elementor-element elementor-element-9056cdb elementor-section-boxed elementor-section-height-default elementor-section-height-default\" data-id=\"9056cdb\" data-element_type=\"section\" data-settings=\"{&quot;background_background&quot;:&quot;classic&quot;}\">\n\t\t\t\t\t\t\t<div class=\"elementor-background-overlay\"><\/div>\n\t\t\t\t\t\t\t<div class=\"elementor-container elementor-column-gap-no\">\n\t\t\t\t\t<div class=\"elementor-column elementor-col-100 elementor-top-column elementor-element elementor-element-9d6a54\" data-id=\"9d6a54\" data-element_type=\"column\">\n\t\t\t<div class=\"elementor-widget-wrap elementor-element-populated\">\n\t\t\t\t\t\t\t\t<div class=\"elementor-element elementor-element-546c6fd0 elementor-widget-divider--view-line elementor-widget elementor-widget-divider\" data-id=\"546c6fd0\" data-element_type=\"widget\" data-widget_type=\"divider.default\">\n\t\t\t\t<div class=\"elementor-widget-container\">\n\t\t\t\t\t<div class=\"elementor-divider\">\n\t\t\t<span class=\"elementor-divider-separator\">\n\t\t\t\t\t\t<\/span>\n\t\t<\/div>\n\t\t\t\t<\/div>\n\t\t\t\t<\/div>\n\t\t\t\t<div class=\"elementor-element elementor-element-364093 elementor-widget elementor-widget-heading\" data-id=\"364093\" data-element_type=\"widget\" data-widget_type=\"heading.default\">\n\t\t\t\t<div class=\"elementor-widget-container\">\n\t\t\t<h2 class=\"elementor-heading-title elementor-size-default\">Consultation sur les applications plastiques<\/h2>\t\t<\/div>\n\t\t\t\t<\/div>\n\t\t\t\t<div class=\"elementor-element elementor-element-6da149d2 elementor-widget elementor-widget-text-editor\" data-id=\"6da149d2\" data-element_type=\"widget\" data-widget_type=\"text-editor.default\">\n\t\t\t\t<div class=\"elementor-widget-container\">\n\t\t\t\t\t\t\t\t<p>Contactez-nous ou demandez un devis<\/p>\n\t\t\t\t\t\t<\/div>\n\t\t\t\t<\/div>\n\t\t\t\t<div class=\"elementor-element elementor-element-17b83881 elementor-align-center elementor-widget elementor-widget-button\" data-id=\"17b83881\" data-element_type=\"widget\" data-widget_type=\"button.default\">\n\t\t\t\t<div class=\"elementor-widget-container\">\n\t\t\t\t\t<div class=\"elementor-button-wrapper\">\n\t\t\t<a href=\"https:\/\/www.bormar.com\/fr\/contacts\/\" class=\"elementor-button-link elementor-button elementor-size-xs\" role=\"button\">\n\t\t\t\t\t\t<span class=\"elementor-button-content-wrapper\">\n\t\t\t\t\t\t<span class=\"elementor-button-icon elementor-align-icon-right\">\n\t\t\t\t<svg xmlns=\"http:\/\/www.w3.org\/2000\/svg\" viewBox=\"0 0 32 32\"><path d=\"M 18.71875 6.78125 L 17.28125 8.21875 L 24.0625 15 L 4 15 L 4 17 L 24.0625 17 L 17.28125 23.78125 L 18.71875 25.21875 L 27.21875 16.71875 L 27.90625 16 L 27.21875 15.28125 Z\"><\/path><\/svg>\t\t\t<\/span>\n\t\t\t\t\t\t<span class=\"elementor-button-text\">\u00c9crivez-nous<\/span>\n\t\t<\/span>\n\t\t\t\t\t<\/a>\n\t\t<\/div>\n\t\t\t\t<\/div>\n\t\t\t\t<\/div>\n\t\t\t\t\t<\/div>\n\t\t<\/div>\n\t\t\t\t\t\t\t<\/div>\n\t\t<\/section>\n\t\t\t\t\t\t<\/div>\n\t\t\t\t\t<\/div>\n\t\t","protected":false},"excerpt":{"rendered":"<p>Construction de moules Notre entreprise, pr\u00e9sente dans le march\u00e9 depuis plus de 4 d\u00e9cennies, construit moules \u00e0 injection pour les mati\u00e8res plastiques techniques. Pi\u00e8ces en plastique Construction de moules Gr\u00e2ce \u00e0 notre \u00e9quipe de projecteurs nous donnons forme \u00e0 vos id\u00e9es, \u00e0 partir de la r\u00e9alisation du prototype en st\u00e9r\u00e9olithographie, la conception du moule avec &hellip;<\/p>\n<p class=\"read-more\"> <a class=\"\" href=\"https:\/\/www.bormar.com\/fr\/construction-de-moules\/\"> <span class=\"screen-reader-text\">Construction de moules<\/span> Lire la suite\u00a0\u00bb<\/a><\/p>\n","protected":false},"author":1,"featured_media":0,"parent":0,"menu_order":0,"comment_status":"closed","ping_status":"closed","template":"","meta":[],"yoast_head":"<!-- This site is optimized with the Yoast SEO plugin v17.0 - https:\/\/yoast.com\/wordpress\/plugins\/seo\/ -->\n<title>Construction de moules - Bormar<\/title>\n<meta name=\"description\" content=\"Construction de moules Notre entreprise, pr\u00e9sente dans le march\u00e9 depuis plus de 4 d\u00e9cennies, construit moules \u00e0 injection pour les mati\u00e8res plastiques\" \/>\n<meta name=\"robots\" content=\"index, follow, max-snippet:-1, max-image-preview:large, max-video-preview:-1\" \/>\n<link rel=\"canonical\" href=\"https:\/\/www.bormar.com\/fr\/construction-de-moules\/\" \/>\n<meta property=\"og:locale\" content=\"fr_FR\" \/>\n<meta property=\"og:type\" content=\"article\" \/>\n<meta property=\"og:title\" content=\"Construction de moules - Bormar\" \/>\n<meta property=\"og:description\" content=\"Construction de moules Notre entreprise, pr\u00e9sente dans le march\u00e9 depuis plus de 4 d\u00e9cennies, construit moules \u00e0 injection pour les mati\u00e8res plastiques\" \/>\n<meta property=\"og:url\" content=\"https:\/\/www.bormar.com\/fr\/construction-de-moules\/\" \/>\n<meta property=\"og:site_name\" content=\"Bormar\" \/>\n<meta property=\"article:modified_time\" content=\"2021-05-24T08:09:20+00:00\" \/>\n<meta property=\"og:image\" content=\"https:\/\/www.bormar.com\/wp-content\/uploads\/elementor\/thumbs\/costruzione-stampi-p6ylp5zv9b1mzfuf00vob6fpcif2aor41qxlrf01zc.jpg\" \/>\n<meta name=\"twitter:card\" content=\"summary_large_image\" \/>\n<meta name=\"twitter:label1\" content=\"Dur\u00e9e de lecture est.\" \/>\n\t<meta name=\"twitter:data1\" content=\"1 minute\" \/>\n<script type=\"application\/ld+json\" class=\"yoast-schema-graph\">{\"@context\":\"https:\/\/schema.org\",\"@graph\":[{\"@type\":\"WebSite\",\"@id\":\"https:\/\/www.bormar.com\/#website\",\"url\":\"https:\/\/www.bormar.com\/\",\"name\":\"Bormar\",\"description\":\"Stampi e componenti meccanici di precisione\",\"potentialAction\":[{\"@type\":\"SearchAction\",\"target\":{\"@type\":\"EntryPoint\",\"urlTemplate\":\"https:\/\/www.bormar.com\/?s={search_term_string}\"},\"query-input\":\"required name=search_term_string\"}],\"inLanguage\":\"fr-FR\"},{\"@type\":\"ImageObject\",\"@id\":\"https:\/\/www.bormar.com\/fr\/construction-de-moules\/#primaryimage\",\"inLanguage\":\"fr-FR\",\"url\":\"https:\/\/www.bormar.com\/wp-content\/uploads\/elementor\/thumbs\/costruzione-stampi-p6ylp5zv9b1mzfuf00vob6fpcif2aor41qxlrf01zc.jpg\",\"contentUrl\":\"https:\/\/www.bormar.com\/wp-content\/uploads\/elementor\/thumbs\/costruzione-stampi-p6ylp5zv9b1mzfuf00vob6fpcif2aor41qxlrf01zc.jpg\"},{\"@type\":\"WebPage\",\"@id\":\"https:\/\/www.bormar.com\/fr\/construction-de-moules\/#webpage\",\"url\":\"https:\/\/www.bormar.com\/fr\/construction-de-moules\/\",\"name\":\"Construction de moules - Bormar\",\"isPartOf\":{\"@id\":\"https:\/\/www.bormar.com\/#website\"},\"primaryImageOfPage\":{\"@id\":\"https:\/\/www.bormar.com\/fr\/construction-de-moules\/#primaryimage\"},\"datePublished\":\"2021-05-21T15:13:39+00:00\",\"dateModified\":\"2021-05-24T08:09:20+00:00\",\"description\":\"Construction de moules Notre entreprise, pr\\u00e9sente dans le march\\u00e9 depuis plus de 4 d\\u00e9cennies, construit moules \\u00e0 injection pour les mati\\u00e8res plastiques\",\"breadcrumb\":{\"@id\":\"https:\/\/www.bormar.com\/fr\/construction-de-moules\/#breadcrumb\"},\"inLanguage\":\"fr-FR\",\"potentialAction\":[{\"@type\":\"ReadAction\",\"target\":[\"https:\/\/www.bormar.com\/fr\/construction-de-moules\/\"]}]},{\"@type\":\"BreadcrumbList\",\"@id\":\"https:\/\/www.bormar.com\/fr\/construction-de-moules\/#breadcrumb\",\"itemListElement\":[{\"@type\":\"ListItem\",\"position\":1,\"name\":\"Home\",\"item\":\"https:\/\/www.bormar.com\/fr\/\"},{\"@type\":\"ListItem\",\"position\":2,\"name\":\"Construction de moules\"}]}]}<\/script>\n<!-- \/ Yoast SEO plugin. -->","yoast_head_json":{"title":"Construction de moules - Bormar","description":"Construction de moules Notre entreprise, pr\u00e9sente dans le march\u00e9 depuis plus de 4 d\u00e9cennies, construit moules \u00e0 injection pour les mati\u00e8res plastiques","robots":{"index":"index","follow":"follow","max-snippet":"max-snippet:-1","max-image-preview":"max-image-preview:large","max-video-preview":"max-video-preview:-1"},"canonical":"https:\/\/www.bormar.com\/fr\/construction-de-moules\/","og_locale":"fr_FR","og_type":"article","og_title":"Construction de moules - Bormar","og_description":"Construction de moules Notre entreprise, pr\u00e9sente dans le march\u00e9 depuis plus de 4 d\u00e9cennies, construit moules \u00e0 injection pour les mati\u00e8res plastiques","og_url":"https:\/\/www.bormar.com\/fr\/construction-de-moules\/","og_site_name":"Bormar","article_modified_time":"2021-05-24T08:09:20+00:00","og_image":[{"url":"https:\/\/www.bormar.com\/wp-content\/uploads\/elementor\/thumbs\/costruzione-stampi-p6ylp5zv9b1mzfuf00vob6fpcif2aor41qxlrf01zc.jpg"}],"twitter_card":"summary_large_image","twitter_misc":{"Dur\u00e9e de lecture est.":"1 minute"},"schema":{"@context":"https:\/\/schema.org","@graph":[{"@type":"WebSite","@id":"https:\/\/www.bormar.com\/#website","url":"https:\/\/www.bormar.com\/","name":"Bormar","description":"Stampi e componenti meccanici di precisione","potentialAction":[{"@type":"SearchAction","target":{"@type":"EntryPoint","urlTemplate":"https:\/\/www.bormar.com\/?s={search_term_string}"},"query-input":"required name=search_term_string"}],"inLanguage":"fr-FR"},{"@type":"ImageObject","@id":"https:\/\/www.bormar.com\/fr\/construction-de-moules\/#primaryimage","inLanguage":"fr-FR","url":"https:\/\/www.bormar.com\/wp-content\/uploads\/elementor\/thumbs\/costruzione-stampi-p6ylp5zv9b1mzfuf00vob6fpcif2aor41qxlrf01zc.jpg","contentUrl":"https:\/\/www.bormar.com\/wp-content\/uploads\/elementor\/thumbs\/costruzione-stampi-p6ylp5zv9b1mzfuf00vob6fpcif2aor41qxlrf01zc.jpg"},{"@type":"WebPage","@id":"https:\/\/www.bormar.com\/fr\/construction-de-moules\/#webpage","url":"https:\/\/www.bormar.com\/fr\/construction-de-moules\/","name":"Construction de moules - Bormar","isPartOf":{"@id":"https:\/\/www.bormar.com\/#website"},"primaryImageOfPage":{"@id":"https:\/\/www.bormar.com\/fr\/construction-de-moules\/#primaryimage"},"datePublished":"2021-05-21T15:13:39+00:00","dateModified":"2021-05-24T08:09:20+00:00","description":"Construction de moules Notre entreprise, pr\u00e9sente dans le march\u00e9 depuis plus de 4 d\u00e9cennies, construit moules \u00e0 injection pour les mati\u00e8res plastiques","breadcrumb":{"@id":"https:\/\/www.bormar.com\/fr\/construction-de-moules\/#breadcrumb"},"inLanguage":"fr-FR","potentialAction":[{"@type":"ReadAction","target":["https:\/\/www.bormar.com\/fr\/construction-de-moules\/"]}]},{"@type":"BreadcrumbList","@id":"https:\/\/www.bormar.com\/fr\/construction-de-moules\/#breadcrumb","itemListElement":[{"@type":"ListItem","position":1,"name":"Home","item":"https:\/\/www.bormar.com\/fr\/"},{"@type":"ListItem","position":2,"name":"Construction de moules"}]}]}},"_links":{"self":[{"href":"https:\/\/www.bormar.com\/fr\/wp-json\/wp\/v2\/pages\/3807"}],"collection":[{"href":"https:\/\/www.bormar.com\/fr\/wp-json\/wp\/v2\/pages"}],"about":[{"href":"https:\/\/www.bormar.com\/fr\/wp-json\/wp\/v2\/types\/page"}],"author":[{"embeddable":true,"href":"https:\/\/www.bormar.com\/fr\/wp-json\/wp\/v2\/users\/1"}],"replies":[{"embeddable":true,"href":"https:\/\/www.bormar.com\/fr\/wp-json\/wp\/v2\/comments?post=3807"}],"version-history":[{"count":5,"href":"https:\/\/www.bormar.com\/fr\/wp-json\/wp\/v2\/pages\/3807\/revisions"}],"predecessor-version":[{"id":3950,"href":"https:\/\/www.bormar.com\/fr\/wp-json\/wp\/v2\/pages\/3807\/revisions\/3950"}],"wp:attachment":[{"href":"https:\/\/www.bormar.com\/fr\/wp-json\/wp\/v2\/media?parent=3807"}],"curies":[{"name":"wp","href":"https:\/\/api.w.org\/{rel}","templated":true}]}}