{"id":3963,"date":"2021-05-24T08:18:16","date_gmt":"2021-05-24T08:18:16","guid":{"rendered":"https:\/\/www.bormar.com\/formenbaukonstruktion\/"},"modified":"2021-05-24T08:18:16","modified_gmt":"2021-05-24T08:18:16","slug":"formenbaukonstruktion","status":"publish","type":"page","link":"https:\/\/www.bormar.com\/de\/formenbaukonstruktion\/","title":{"rendered":"Formenbaukonstruktion"},"content":{"rendered":"\t\t<div data-elementor-type=\"wp-post\" data-elementor-id=\"3963\" class=\"elementor elementor-3963 elementor-3124\" data-elementor-settings=\"[]\">\n\t\t\t\t\t\t\t<div class=\"elementor-section-wrap\">\n\t\t\t\t\t\t\t<section class=\"elementor-section elementor-top-section elementor-element elementor-element-463eb549 elementor-section-boxed elementor-section-height-default elementor-section-height-default\" data-id=\"463eb549\" data-element_type=\"section\" data-settings=\"{&quot;background_background&quot;:&quot;classic&quot;}\">\n\t\t\t\t\t\t\t<div class=\"elementor-background-overlay\"><\/div>\n\t\t\t\t\t\t\t<div class=\"elementor-container elementor-column-gap-no\">\n\t\t\t\t\t<div class=\"elementor-column elementor-col-100 elementor-top-column elementor-element elementor-element-42c45cce\" data-id=\"42c45cce\" data-element_type=\"column\" data-settings=\"{&quot;background_background&quot;:&quot;classic&quot;}\">\n\t\t\t<div class=\"elementor-widget-wrap elementor-element-populated\">\n\t\t\t\t\t\t\t\t<div class=\"elementor-element elementor-element-3f97f4e elementor-widget elementor-widget-heading\" data-id=\"3f97f4e\" data-element_type=\"widget\" data-widget_type=\"heading.default\">\n\t\t\t\t<div class=\"elementor-widget-container\">\n\t\t\t<h1 class=\"elementor-heading-title elementor-size-default\">Formenbaukonstruktion<\/h1>\t\t<\/div>\n\t\t\t\t<\/div>\n\t\t\t\t\t<\/div>\n\t\t<\/div>\n\t\t\t\t\t\t\t<\/div>\n\t\t<\/section>\n\t\t\t\t<section class=\"elementor-section elementor-top-section elementor-element elementor-element-45635ef4 elementor-section-content-middle elementor-section-boxed elementor-section-height-default elementor-section-height-default\" data-id=\"45635ef4\" data-element_type=\"section\" data-settings=\"{&quot;background_background&quot;:&quot;gradient&quot;}\">\n\t\t\t\t\t\t<div class=\"elementor-container elementor-column-gap-no\">\n\t\t\t\t\t<div class=\"elementor-column elementor-col-100 elementor-top-column elementor-element elementor-element-17d8e6b1\" data-id=\"17d8e6b1\" data-element_type=\"column\">\n\t\t\t<div class=\"elementor-widget-wrap elementor-element-populated\">\n\t\t\t\t\t\t\t\t<div class=\"elementor-element elementor-element-f5f8ea0 elementor-widget elementor-widget-heading\" data-id=\"f5f8ea0\" data-element_type=\"widget\" data-widget_type=\"heading.default\">\n\t\t\t\t<div class=\"elementor-widget-container\">\n\t\t\t<h3 class=\"elementor-heading-title elementor-size-default\">Wir produzieren Spritzgiessformen f\u00fcr Kunststoffteile seit mehr als 40 Jahren<\/h3>\t\t<\/div>\n\t\t\t\t<\/div>\n\t\t\t\t<section class=\"elementor-section elementor-inner-section elementor-element elementor-element-5635abcd elementor-section-content-middle elementor-section-boxed elementor-section-height-default elementor-section-height-default\" data-id=\"5635abcd\" data-element_type=\"section\">\n\t\t\t\t\t\t<div class=\"elementor-container elementor-column-gap-no\">\n\t\t\t\t\t<div class=\"elementor-column elementor-col-50 elementor-inner-column elementor-element elementor-element-7d5d590\" data-id=\"7d5d590\" data-element_type=\"column\">\n\t\t\t<div class=\"elementor-widget-wrap elementor-element-populated\">\n\t\t\t\t\t\t\t\t<div class=\"elementor-element elementor-element-3695ef37 elementor-widget elementor-widget-image\" data-id=\"3695ef37\" data-element_type=\"widget\" data-widget_type=\"image.default\">\n\t\t\t\t<div class=\"elementor-widget-container\">\n\t\t\t\t\t\t\t\t\t\t\t\t\t\t\t<img src=\"https:\/\/www.bormar.com\/wp-content\/uploads\/elementor\/thumbs\/progettazione-stampi-1-p6yi4aci72mb471rkbd6fp8h6lnawp40zuswxm3b48.jpg\" title=\"progettazione-stampi-1\" alt=\"progettazione-stampi-1\" \/>\t\t\t\t\t\t\t\t\t\t\t\t\t\t\t<\/div>\n\t\t\t\t<\/div>\n\t\t\t\t\t<\/div>\n\t\t<\/div>\n\t\t\t\t<div class=\"elementor-column elementor-col-50 elementor-inner-column elementor-element elementor-element-6a32df4\" data-id=\"6a32df4\" data-element_type=\"column\">\n\t\t\t<div class=\"elementor-widget-wrap elementor-element-populated\">\n\t\t\t\t\t\t\t\t<div class=\"elementor-element elementor-element-6a39b0af elementor-widget elementor-widget-heading\" data-id=\"6a39b0af\" data-element_type=\"widget\" data-widget_type=\"heading.default\">\n\t\t\t\t<div class=\"elementor-widget-container\">\n\t\t\t<h6 class=\"elementor-heading-title elementor-size-default\">Kunststoffteile<\/h6>\t\t<\/div>\n\t\t\t\t<\/div>\n\t\t\t\t<div class=\"elementor-element elementor-element-12b72aa4 elementor-widget elementor-widget-heading\" data-id=\"12b72aa4\" data-element_type=\"widget\" data-widget_type=\"heading.default\">\n\t\t\t\t<div class=\"elementor-widget-container\">\n\t\t\t<h2 class=\"elementor-heading-title elementor-size-default\">Formenbaukonstruktion<\/h2>\t\t<\/div>\n\t\t\t\t<\/div>\n\t\t\t\t<div class=\"elementor-element elementor-element-2e30ca18 elementor-widget-divider--view-line elementor-widget elementor-widget-divider\" data-id=\"2e30ca18\" data-element_type=\"widget\" data-widget_type=\"divider.default\">\n\t\t\t\t<div class=\"elementor-widget-container\">\n\t\t\t\t\t<div class=\"elementor-divider\">\n\t\t\t<span class=\"elementor-divider-separator\">\n\t\t\t\t\t\t<\/span>\n\t\t<\/div>\n\t\t\t\t<\/div>\n\t\t\t\t<\/div>\n\t\t\t\t<div class=\"elementor-element elementor-element-41e28180 elementor-widget elementor-widget-text-editor\" data-id=\"41e28180\" data-element_type=\"widget\" data-widget_type=\"text-editor.default\">\n\t\t\t\t<div class=\"elementor-widget-container\">\n\t\t\t\t\t\t\t\t<p>Dank unserem Kontruktionsteam geben wir Ihren Ideen Form durch Prototypen aus Rapid Prototyping, Werkzeugkonstruktion mit modernen CAD-CAM Systemen, Werkzeugbau bis hin zur Produktion der Kunststoffteile<\/p>\n\t\t\t\t\t\t<\/div>\n\t\t\t\t<\/div>\n\t\t\t\t\t<\/div>\n\t\t<\/div>\n\t\t\t\t\t\t\t<\/div>\n\t\t<\/section>\n\t\t\t\t\t<\/div>\n\t\t<\/div>\n\t\t\t\t\t\t\t<\/div>\n\t\t<\/section>\n\t\t\t\t<section class=\"elementor-section elementor-top-section elementor-element elementor-element-65fdbe49 elementor-section-content-middle elementor-section-boxed elementor-section-height-default elementor-section-height-default\" data-id=\"65fdbe49\" data-element_type=\"section\" data-settings=\"{&quot;background_background&quot;:&quot;classic&quot;}\">\n\t\t\t\t\t\t<div class=\"elementor-container elementor-column-gap-no\">\n\t\t\t\t\t<div class=\"elementor-column elementor-col-100 elementor-top-column elementor-element elementor-element-7151cf4\" data-id=\"7151cf4\" data-element_type=\"column\">\n\t\t\t<div class=\"elementor-widget-wrap elementor-element-populated\">\n\t\t\t\t\t\t\t\t<section class=\"elementor-section elementor-inner-section elementor-element elementor-element-404cbd8a elementor-section-content-middle elementor-section-boxed elementor-section-height-default elementor-section-height-default\" data-id=\"404cbd8a\" data-element_type=\"section\">\n\t\t\t\t\t\t<div class=\"elementor-container elementor-column-gap-no\">\n\t\t\t\t\t<div class=\"elementor-column elementor-col-50 elementor-inner-column elementor-element elementor-element-5cbb2ed2\" data-id=\"5cbb2ed2\" data-element_type=\"column\">\n\t\t\t<div class=\"elementor-widget-wrap elementor-element-populated\">\n\t\t\t\t\t\t\t\t<div class=\"elementor-element elementor-element-70a13d7 elementor-widget elementor-widget-heading\" data-id=\"70a13d7\" data-element_type=\"widget\" data-widget_type=\"heading.default\">\n\t\t\t\t<div class=\"elementor-widget-container\">\n\t\t\t<h6 class=\"elementor-heading-title elementor-size-default\">Kunststoffteile<\/h6>\t\t<\/div>\n\t\t\t\t<\/div>\n\t\t\t\t<div class=\"elementor-element elementor-element-2b283f07 elementor-widget elementor-widget-heading\" data-id=\"2b283f07\" data-element_type=\"widget\" data-widget_type=\"heading.default\">\n\t\t\t\t<div class=\"elementor-widget-container\">\n\t\t\t<h2 class=\"elementor-heading-title elementor-size-default\">Prototypen Formen<\/h2>\t\t<\/div>\n\t\t\t\t<\/div>\n\t\t\t\t<div class=\"elementor-element elementor-element-4a19999f elementor-widget-divider--view-line elementor-widget elementor-widget-divider\" data-id=\"4a19999f\" data-element_type=\"widget\" data-widget_type=\"divider.default\">\n\t\t\t\t<div class=\"elementor-widget-container\">\n\t\t\t\t\t<div class=\"elementor-divider\">\n\t\t\t<span class=\"elementor-divider-separator\">\n\t\t\t\t\t\t<\/span>\n\t\t<\/div>\n\t\t\t\t<\/div>\n\t\t\t\t<\/div>\n\t\t\t\t<div class=\"elementor-element elementor-element-5fa5bc9e elementor-widget elementor-widget-text-editor\" data-id=\"5fa5bc9e\" data-element_type=\"widget\" data-widget_type=\"text-editor.default\">\n\t\t\t\t<div class=\"elementor-widget-container\">\n\t\t\t\t\t\t\t\t<p>Die Fa. Bormar bietet diesen weiteren Service, um unter Einsatz modernster Technologie, Ihre Ideen zu realisieren. In k\u00fcrzester Zeit stellen wir voll funktionst\u00fcchtige Prototypen aus Kunststoff her, die montiert und getestet werden k\u00f6nnen.Das dabei von uns verwendete Verfahren ist die Stereolithographie (SLA). Diese erm\u00f6glicht es uns, einen f\u00fcr Sie ma\u00dfgeschneiderten Prototypen, sowohl als Einzelst\u00fcck als auch als Musterserie zu fertigen.<\/p>\n\t\t\t\t\t\t<\/div>\n\t\t\t\t<\/div>\n\t\t\t\t\t<\/div>\n\t\t<\/div>\n\t\t\t\t<div class=\"elementor-column elementor-col-50 elementor-inner-column elementor-element elementor-element-34a56e78\" data-id=\"34a56e78\" data-element_type=\"column\">\n\t\t\t<div class=\"elementor-widget-wrap elementor-element-populated\">\n\t\t\t\t\t\t\t\t<div class=\"elementor-element elementor-element-441016d8 elementor-widget elementor-widget-image\" data-id=\"441016d8\" data-element_type=\"widget\" data-widget_type=\"image.default\">\n\t\t\t\t<div class=\"elementor-widget-container\">\n\t\t\t\t\t\t\t\t\t\t\t\t\t\t\t<img src=\"https:\/\/www.bormar.com\/wp-content\/uploads\/elementor\/thumbs\/progettazione3-p6yi48grmgqlxub7e3xsbggifp2zwup7t5mwiwj2n4.jpg\" title=\"progettazione3\" alt=\"progettazione3\" \/>\t\t\t\t\t\t\t\t\t\t\t\t\t\t\t<\/div>\n\t\t\t\t<\/div>\n\t\t\t\t\t<\/div>\n\t\t<\/div>\n\t\t\t\t\t\t\t<\/div>\n\t\t<\/section>\n\t\t\t\t\t<\/div>\n\t\t<\/div>\n\t\t\t\t\t\t\t<\/div>\n\t\t<\/section>\n\t\t\t\t<section class=\"elementor-section elementor-top-section elementor-element elementor-element-9056cdb elementor-section-boxed elementor-section-height-default elementor-section-height-default\" data-id=\"9056cdb\" data-element_type=\"section\" data-settings=\"{&quot;background_background&quot;:&quot;classic&quot;}\">\n\t\t\t\t\t\t\t<div class=\"elementor-background-overlay\"><\/div>\n\t\t\t\t\t\t\t<div class=\"elementor-container elementor-column-gap-no\">\n\t\t\t\t\t<div class=\"elementor-column elementor-col-100 elementor-top-column elementor-element elementor-element-9d6a54\" data-id=\"9d6a54\" data-element_type=\"column\">\n\t\t\t<div class=\"elementor-widget-wrap elementor-element-populated\">\n\t\t\t\t\t\t\t\t<div class=\"elementor-element elementor-element-546c6fd0 elementor-widget-divider--view-line elementor-widget elementor-widget-divider\" data-id=\"546c6fd0\" data-element_type=\"widget\" data-widget_type=\"divider.default\">\n\t\t\t\t<div class=\"elementor-widget-container\">\n\t\t\t\t\t<div class=\"elementor-divider\">\n\t\t\t<span class=\"elementor-divider-separator\">\n\t\t\t\t\t\t<\/span>\n\t\t<\/div>\n\t\t\t\t<\/div>\n\t\t\t\t<\/div>\n\t\t\t\t<div class=\"elementor-element elementor-element-364093 elementor-widget elementor-widget-heading\" data-id=\"364093\" data-element_type=\"widget\" data-widget_type=\"heading.default\">\n\t\t\t\t<div class=\"elementor-widget-container\">\n\t\t\t<h2 class=\"elementor-heading-title elementor-size-default\">Kunststoff-Anwendungsberatung<\/h2>\t\t<\/div>\n\t\t\t\t<\/div>\n\t\t\t\t<div class=\"elementor-element elementor-element-6da149d2 elementor-widget elementor-widget-text-editor\" data-id=\"6da149d2\" data-element_type=\"widget\" data-widget_type=\"text-editor.default\">\n\t\t\t\t<div class=\"elementor-widget-container\">\n\t\t\t\t\t\t\t\t<p>Kontaktieren Sie uns oder fordern Sie ein Angebot an<\/p>\n\t\t\t\t\t\t<\/div>\n\t\t\t\t<\/div>\n\t\t\t\t<div class=\"elementor-element elementor-element-17b83881 elementor-align-center elementor-widget elementor-widget-button\" data-id=\"17b83881\" data-element_type=\"widget\" data-widget_type=\"button.default\">\n\t\t\t\t<div class=\"elementor-widget-container\">\n\t\t\t\t\t<div class=\"elementor-button-wrapper\">\n\t\t\t<a href=\"https:\/\/www.bormar.com\/de\/kontakte\/\" class=\"elementor-button-link elementor-button elementor-size-xs\" role=\"button\">\n\t\t\t\t\t\t<span class=\"elementor-button-content-wrapper\">\n\t\t\t\t\t\t<span class=\"elementor-button-icon elementor-align-icon-right\">\n\t\t\t\t<svg xmlns=\"http:\/\/www.w3.org\/2000\/svg\" viewBox=\"0 0 32 32\"><path d=\"M 18.71875 6.78125 L 17.28125 8.21875 L 24.0625 15 L 4 15 L 4 17 L 24.0625 17 L 17.28125 23.78125 L 18.71875 25.21875 L 27.21875 16.71875 L 27.90625 16 L 27.21875 15.28125 Z\"><\/path><\/svg>\t\t\t<\/span>\n\t\t\t\t\t\t<span class=\"elementor-button-text\">Schreiben Sie uns<\/span>\n\t\t<\/span>\n\t\t\t\t\t<\/a>\n\t\t<\/div>\n\t\t\t\t<\/div>\n\t\t\t\t<\/div>\n\t\t\t\t\t<\/div>\n\t\t<\/div>\n\t\t\t\t\t\t\t<\/div>\n\t\t<\/section>\n\t\t\t\t\t\t<\/div>\n\t\t\t\t\t<\/div>\n\t\t","protected":false},"excerpt":{"rendered":"<p>Formenbaukonstruktion Wir produzieren Spritzgiessformen f\u00fcr Kunststoffteile seit mehr als 40 Jahren Kunststoffteile Formenbaukonstruktion Dank unserem Kontruktionsteam geben wir Ihren Ideen Form durch Prototypen aus Rapid Prototyping, Werkzeugkonstruktion mit modernen CAD-CAM Systemen, Werkzeugbau bis hin zur Produktion der Kunststoffteile Kunststoffteile Prototypen Formen Die Fa. Bormar bietet diesen weiteren Service, um unter Einsatz modernster Technologie, Ihre Ideen &hellip;<\/p>\n<p class=\"read-more\"> <a class=\"\" href=\"https:\/\/www.bormar.com\/de\/formenbaukonstruktion\/\"> <span class=\"screen-reader-text\">Formenbaukonstruktion<\/span> Weiterlesen &raquo;<\/a><\/p>\n","protected":false},"author":1,"featured_media":0,"parent":0,"menu_order":0,"comment_status":"closed","ping_status":"closed","template":"","meta":[],"yoast_head":"<!-- This site is optimized with the Yoast SEO plugin v17.0 - https:\/\/yoast.com\/wordpress\/plugins\/seo\/ -->\n<title>Formenbaukonstruktion - Bormar<\/title>\n<meta name=\"description\" content=\"Formenbaukonstruktion Wir produzieren Spritzgiessformen f\u00fcr Kunststoffteile seit mehr als 40 Jahren Kunststoffteile Formenbaukonstruktion Dank unserem\" \/>\n<meta name=\"robots\" content=\"index, follow, max-snippet:-1, max-image-preview:large, max-video-preview:-1\" \/>\n<link rel=\"canonical\" href=\"https:\/\/www.bormar.com\/de\/formenbaukonstruktion\/\" \/>\n<meta property=\"og:locale\" content=\"de_DE\" \/>\n<meta property=\"og:type\" content=\"article\" \/>\n<meta property=\"og:title\" content=\"Formenbaukonstruktion - Bormar\" \/>\n<meta property=\"og:description\" content=\"Formenbaukonstruktion Wir produzieren Spritzgiessformen f\u00fcr Kunststoffteile seit mehr als 40 Jahren Kunststoffteile Formenbaukonstruktion Dank unserem\" \/>\n<meta property=\"og:url\" content=\"https:\/\/www.bormar.com\/de\/formenbaukonstruktion\/\" \/>\n<meta property=\"og:site_name\" content=\"Bormar\" \/>\n<meta property=\"og:image\" content=\"https:\/\/www.bormar.com\/wp-content\/uploads\/elementor\/thumbs\/progettazione-stampi-1-p6yi4aci72mb471rkbd6fp8h6lnawp40zuswxm3b48.jpg\" \/>\n<meta name=\"twitter:card\" content=\"summary_large_image\" \/>\n<meta name=\"twitter:label1\" content=\"Gesch\u00e4tzte Lesezeit\" \/>\n\t<meta name=\"twitter:data1\" content=\"1 Minute\" \/>\n<script type=\"application\/ld+json\" class=\"yoast-schema-graph\">{\"@context\":\"https:\/\/schema.org\",\"@graph\":[{\"@type\":\"WebSite\",\"@id\":\"https:\/\/www.bormar.com\/#website\",\"url\":\"https:\/\/www.bormar.com\/\",\"name\":\"Bormar\",\"description\":\"Stampi e componenti meccanici di precisione\",\"potentialAction\":[{\"@type\":\"SearchAction\",\"target\":{\"@type\":\"EntryPoint\",\"urlTemplate\":\"https:\/\/www.bormar.com\/?s={search_term_string}\"},\"query-input\":\"required name=search_term_string\"}],\"inLanguage\":\"de-DE\"},{\"@type\":\"ImageObject\",\"@id\":\"https:\/\/www.bormar.com\/de\/formenbaukonstruktion\/#primaryimage\",\"inLanguage\":\"de-DE\",\"url\":\"https:\/\/www.bormar.com\/wp-content\/uploads\/elementor\/thumbs\/progettazione-stampi-1-p6yi4aci72mb471rkbd6fp8h6lnawp40zuswxm3b48.jpg\",\"contentUrl\":\"https:\/\/www.bormar.com\/wp-content\/uploads\/elementor\/thumbs\/progettazione-stampi-1-p6yi4aci72mb471rkbd6fp8h6lnawp40zuswxm3b48.jpg\"},{\"@type\":\"WebPage\",\"@id\":\"https:\/\/www.bormar.com\/de\/formenbaukonstruktion\/#webpage\",\"url\":\"https:\/\/www.bormar.com\/de\/formenbaukonstruktion\/\",\"name\":\"Formenbaukonstruktion - Bormar\",\"isPartOf\":{\"@id\":\"https:\/\/www.bormar.com\/#website\"},\"primaryImageOfPage\":{\"@id\":\"https:\/\/www.bormar.com\/de\/formenbaukonstruktion\/#primaryimage\"},\"datePublished\":\"2021-05-24T08:18:16+00:00\",\"dateModified\":\"2021-05-24T08:18:16+00:00\",\"description\":\"Formenbaukonstruktion Wir produzieren Spritzgiessformen f\\u00fcr Kunststoffteile seit mehr als 40 Jahren Kunststoffteile Formenbaukonstruktion Dank unserem\",\"breadcrumb\":{\"@id\":\"https:\/\/www.bormar.com\/de\/formenbaukonstruktion\/#breadcrumb\"},\"inLanguage\":\"de-DE\",\"potentialAction\":[{\"@type\":\"ReadAction\",\"target\":[\"https:\/\/www.bormar.com\/de\/formenbaukonstruktion\/\"]}]},{\"@type\":\"BreadcrumbList\",\"@id\":\"https:\/\/www.bormar.com\/de\/formenbaukonstruktion\/#breadcrumb\",\"itemListElement\":[{\"@type\":\"ListItem\",\"position\":1,\"name\":\"Home\",\"item\":\"https:\/\/www.bormar.com\/de\/\"},{\"@type\":\"ListItem\",\"position\":2,\"name\":\"Formenbaukonstruktion\"}]}]}<\/script>\n<!-- \/ Yoast SEO plugin. -->","yoast_head_json":{"title":"Formenbaukonstruktion - Bormar","description":"Formenbaukonstruktion Wir produzieren Spritzgiessformen f\u00fcr Kunststoffteile seit mehr als 40 Jahren Kunststoffteile Formenbaukonstruktion Dank unserem","robots":{"index":"index","follow":"follow","max-snippet":"max-snippet:-1","max-image-preview":"max-image-preview:large","max-video-preview":"max-video-preview:-1"},"canonical":"https:\/\/www.bormar.com\/de\/formenbaukonstruktion\/","og_locale":"de_DE","og_type":"article","og_title":"Formenbaukonstruktion - Bormar","og_description":"Formenbaukonstruktion Wir produzieren Spritzgiessformen f\u00fcr Kunststoffteile seit mehr als 40 Jahren Kunststoffteile Formenbaukonstruktion Dank unserem","og_url":"https:\/\/www.bormar.com\/de\/formenbaukonstruktion\/","og_site_name":"Bormar","og_image":[{"url":"https:\/\/www.bormar.com\/wp-content\/uploads\/elementor\/thumbs\/progettazione-stampi-1-p6yi4aci72mb471rkbd6fp8h6lnawp40zuswxm3b48.jpg"}],"twitter_card":"summary_large_image","twitter_misc":{"Gesch\u00e4tzte Lesezeit":"1 Minute"},"schema":{"@context":"https:\/\/schema.org","@graph":[{"@type":"WebSite","@id":"https:\/\/www.bormar.com\/#website","url":"https:\/\/www.bormar.com\/","name":"Bormar","description":"Stampi e componenti meccanici di precisione","potentialAction":[{"@type":"SearchAction","target":{"@type":"EntryPoint","urlTemplate":"https:\/\/www.bormar.com\/?s={search_term_string}"},"query-input":"required name=search_term_string"}],"inLanguage":"de-DE"},{"@type":"ImageObject","@id":"https:\/\/www.bormar.com\/de\/formenbaukonstruktion\/#primaryimage","inLanguage":"de-DE","url":"https:\/\/www.bormar.com\/wp-content\/uploads\/elementor\/thumbs\/progettazione-stampi-1-p6yi4aci72mb471rkbd6fp8h6lnawp40zuswxm3b48.jpg","contentUrl":"https:\/\/www.bormar.com\/wp-content\/uploads\/elementor\/thumbs\/progettazione-stampi-1-p6yi4aci72mb471rkbd6fp8h6lnawp40zuswxm3b48.jpg"},{"@type":"WebPage","@id":"https:\/\/www.bormar.com\/de\/formenbaukonstruktion\/#webpage","url":"https:\/\/www.bormar.com\/de\/formenbaukonstruktion\/","name":"Formenbaukonstruktion - Bormar","isPartOf":{"@id":"https:\/\/www.bormar.com\/#website"},"primaryImageOfPage":{"@id":"https:\/\/www.bormar.com\/de\/formenbaukonstruktion\/#primaryimage"},"datePublished":"2021-05-24T08:18:16+00:00","dateModified":"2021-05-24T08:18:16+00:00","description":"Formenbaukonstruktion Wir produzieren Spritzgiessformen f\u00fcr Kunststoffteile seit mehr als 40 Jahren Kunststoffteile Formenbaukonstruktion Dank unserem","breadcrumb":{"@id":"https:\/\/www.bormar.com\/de\/formenbaukonstruktion\/#breadcrumb"},"inLanguage":"de-DE","potentialAction":[{"@type":"ReadAction","target":["https:\/\/www.bormar.com\/de\/formenbaukonstruktion\/"]}]},{"@type":"BreadcrumbList","@id":"https:\/\/www.bormar.com\/de\/formenbaukonstruktion\/#breadcrumb","itemListElement":[{"@type":"ListItem","position":1,"name":"Home","item":"https:\/\/www.bormar.com\/de\/"},{"@type":"ListItem","position":2,"name":"Formenbaukonstruktion"}]}]}},"_links":{"self":[{"href":"https:\/\/www.bormar.com\/de\/wp-json\/wp\/v2\/pages\/3963"}],"collection":[{"href":"https:\/\/www.bormar.com\/de\/wp-json\/wp\/v2\/pages"}],"about":[{"href":"https:\/\/www.bormar.com\/de\/wp-json\/wp\/v2\/types\/page"}],"author":[{"embeddable":true,"href":"https:\/\/www.bormar.com\/de\/wp-json\/wp\/v2\/users\/1"}],"replies":[{"embeddable":true,"href":"https:\/\/www.bormar.com\/de\/wp-json\/wp\/v2\/comments?post=3963"}],"version-history":[{"count":1,"href":"https:\/\/www.bormar.com\/de\/wp-json\/wp\/v2\/pages\/3963\/revisions"}],"predecessor-version":[{"id":3964,"href":"https:\/\/www.bormar.com\/de\/wp-json\/wp\/v2\/pages\/3963\/revisions\/3964"}],"wp:attachment":[{"href":"https:\/\/www.bormar.com\/de\/wp-json\/wp\/v2\/media?parent=3963"}],"curies":[{"name":"wp","href":"https:\/\/api.w.org\/{rel}","templated":true}]}}