{"id":3757,"date":"2021-05-21T14:46:14","date_gmt":"2021-05-21T14:46:14","guid":{"rendered":"https:\/\/www.bormar.com\/qualitaetspruefung\/"},"modified":"2021-07-12T10:43:30","modified_gmt":"2021-07-12T10:43:30","slug":"qualitaetspruefung","status":"publish","type":"page","link":"https:\/\/www.bormar.com\/de\/qualitaetspruefung\/","title":{"rendered":"Qualit\u00e4tspr\u00fcfung"},"content":{"rendered":"\t\t<div data-elementor-type=\"wp-post\" data-elementor-id=\"3757\" class=\"elementor elementor-3757 elementor-3226\" data-elementor-settings=\"[]\">\n\t\t\t\t\t\t\t<div class=\"elementor-section-wrap\">\n\t\t\t\t\t\t\t<section class=\"elementor-section elementor-top-section elementor-element elementor-element-50fc9c04 elementor-section-boxed elementor-section-height-default elementor-section-height-default\" data-id=\"50fc9c04\" data-element_type=\"section\" data-settings=\"{&quot;background_background&quot;:&quot;classic&quot;}\">\n\t\t\t\t\t\t\t<div class=\"elementor-background-overlay\"><\/div>\n\t\t\t\t\t\t\t<div class=\"elementor-container elementor-column-gap-no\">\n\t\t\t\t\t<div class=\"elementor-column elementor-col-100 elementor-top-column elementor-element elementor-element-6f49ead0\" data-id=\"6f49ead0\" data-element_type=\"column\" data-settings=\"{&quot;background_background&quot;:&quot;classic&quot;}\">\n\t\t\t<div class=\"elementor-widget-wrap elementor-element-populated\">\n\t\t\t\t\t\t\t\t<div class=\"elementor-element elementor-element-6f63bc33 elementor-widget elementor-widget-heading\" data-id=\"6f63bc33\" data-element_type=\"widget\" data-widget_type=\"heading.default\">\n\t\t\t\t<div class=\"elementor-widget-container\">\n\t\t\t<h1 class=\"elementor-heading-title elementor-size-default\">Qualit\u00e4t und Kontrolle<\/h1>\t\t<\/div>\n\t\t\t\t<\/div>\n\t\t\t\t\t<\/div>\n\t\t<\/div>\n\t\t\t\t\t\t\t<\/div>\n\t\t<\/section>\n\t\t\t\t<section class=\"elementor-section elementor-top-section elementor-element elementor-element-60d2ba8b elementor-section-boxed elementor-section-height-default elementor-section-height-default\" data-id=\"60d2ba8b\" data-element_type=\"section\">\n\t\t\t\t\t\t<div class=\"elementor-container elementor-column-gap-no\">\n\t\t\t\t\t<div class=\"elementor-column elementor-col-100 elementor-top-column elementor-element elementor-element-6857abaa\" data-id=\"6857abaa\" data-element_type=\"column\">\n\t\t\t<div class=\"elementor-widget-wrap elementor-element-populated\">\n\t\t\t\t\t\t\t\t<div class=\"elementor-element elementor-element-2c3f69d2 elementor-widget elementor-widget-heading\" data-id=\"2c3f69d2\" data-element_type=\"widget\" data-widget_type=\"heading.default\">\n\t\t\t\t<div class=\"elementor-widget-container\">\n\t\t\t<h2 class=\"elementor-heading-title elementor-size-default\">Pr\u00fcfung und Kontrolle <\/h2>\t\t<\/div>\n\t\t\t\t<\/div>\n\t\t\t\t<div class=\"elementor-element elementor-element-1f786e77 elementor-widget-divider--view-line elementor-widget elementor-widget-divider\" data-id=\"1f786e77\" data-element_type=\"widget\" data-widget_type=\"divider.default\">\n\t\t\t\t<div class=\"elementor-widget-container\">\n\t\t\t\t\t<div class=\"elementor-divider\">\n\t\t\t<span class=\"elementor-divider-separator\">\n\t\t\t\t\t\t<\/span>\n\t\t<\/div>\n\t\t\t\t<\/div>\n\t\t\t\t<\/div>\n\t\t\t\t<div class=\"elementor-element elementor-element-15f67f3c elementor-widget elementor-widget-text-editor\" data-id=\"15f67f3c\" data-element_type=\"widget\" data-widget_type=\"text-editor.default\">\n\t\t\t\t<div class=\"elementor-widget-container\">\n\t\t\t\t\t\t\t\t<p>Die Ma\u00dfpr\u00fcfung der Teile ist die letzte, aber nicht minder wichtige Phase des Produktionszyklusses. Bormar hat bisher viel in diesen Bereich investiert und tut dies auch weiterhin, damit Retouren von nicht konformen Produkten und somit Zeitversluste vermieden werden und die Zufriedenheit der Kunden sichergestellt werden kann.<\/p>\n<p>Jedes Fertigungslos wird \u00fcberpr\u00fcft und identifiziert um die Konformit\u00e4t und die R\u00fcckverfolgbarkeit zu garantieren. Wir verf\u00fcgen \u00fcber einen klimatisierten Messraum, der mit Komparatoren, digitalen Mikrometern, Innen-, Rauhigkeits-, Profil- und Rundheitsmessger\u00e4ten ausgestattet ist&#8230;.<\/p>\n<p>Des Weiteren benutzen wir einen 3D Taster f\u00fcr die Pr\u00fcfung der Kunststoffteile.<\/p>\n<p>Herstellung von Praezisionsdrehteile nach Kundenzeichnung.<\/p>\n\t\t\t\t\t\t<\/div>\n\t\t\t\t<\/div>\n\t\t\t\t<section class=\"elementor-section elementor-inner-section elementor-element elementor-element-5fff132d elementor-section-boxed elementor-section-height-default elementor-section-height-default\" data-id=\"5fff132d\" data-element_type=\"section\">\n\t\t\t\t\t\t<div class=\"elementor-container elementor-column-gap-no\">\n\t\t\t\t\t<div class=\"elementor-column elementor-col-100 elementor-inner-column elementor-element elementor-element-583cc026\" data-id=\"583cc026\" data-element_type=\"column\" data-settings=\"{&quot;background_background&quot;:&quot;classic&quot;}\">\n\t\t\t<div class=\"elementor-widget-wrap elementor-element-populated\">\n\t\t\t\t\t<div class=\"elementor-background-overlay\"><\/div>\n\t\t\t\t\t\t\t\t<div class=\"elementor-element elementor-element-4a781a3 elementor-widget elementor-widget-gallery\" data-id=\"4a781a3\" data-element_type=\"widget\" data-settings=\"{&quot;columns&quot;:3,&quot;gap&quot;:{&quot;unit&quot;:&quot;px&quot;,&quot;size&quot;:1,&quot;sizes&quot;:[]},&quot;aspect_ratio&quot;:&quot;1:1&quot;,&quot;gallery_layout&quot;:&quot;grid&quot;,&quot;columns_tablet&quot;:2,&quot;columns_mobile&quot;:1,&quot;gap_tablet&quot;:{&quot;unit&quot;:&quot;px&quot;,&quot;size&quot;:10,&quot;sizes&quot;:[]},&quot;gap_mobile&quot;:{&quot;unit&quot;:&quot;px&quot;,&quot;size&quot;:10,&quot;sizes&quot;:[]},&quot;link_to&quot;:&quot;file&quot;,&quot;overlay_background&quot;:&quot;yes&quot;,&quot;content_hover_animation&quot;:&quot;fade-in&quot;}\" data-widget_type=\"gallery.default\">\n\t\t\t\t<div class=\"elementor-widget-container\">\n\t\t\t\t\t<div class=\"elementor-gallery__container\">\n\t\t\t\t\t\t\t<a class=\"e-gallery-item elementor-gallery-item elementor-animated-content\" href=\"https:\/\/www.bormar.com\/wp-content\/uploads\/2021\/05\/controllo-1.jpg\" data-elementor-open-lightbox=\"yes\" data-elementor-lightbox-slideshow=\"all-4a781a3\" data-elementor-lightbox-title=\"controllo-1\">\n\t\t\t\t\t<div class=\"e-gallery-image elementor-gallery-item__image\" data-thumbnail=\"https:\/\/www.bormar.com\/wp-content\/uploads\/2021\/05\/controllo-1.jpg\" data-width=\"1200\" data-height=\"1200\" alt=\"\" ><\/div>\n\t\t\t\t\t\t\t\t\t\t<div class=\"elementor-gallery-item__overlay\"><\/div>\n\t\t\t\t\t\t\t\t\t\t\t\t\t\t<\/a>\n\t\t\t\t\t\t\t<a class=\"e-gallery-item elementor-gallery-item elementor-animated-content\" href=\"https:\/\/www.bormar.com\/wp-content\/uploads\/2021\/05\/controllo-2.jpg\" data-elementor-open-lightbox=\"yes\" data-elementor-lightbox-slideshow=\"all-4a781a3\" data-elementor-lightbox-title=\"controllo-2\">\n\t\t\t\t\t<div class=\"e-gallery-image elementor-gallery-item__image\" data-thumbnail=\"https:\/\/www.bormar.com\/wp-content\/uploads\/2021\/05\/controllo-2.jpg\" data-width=\"1200\" data-height=\"1200\" alt=\"\" ><\/div>\n\t\t\t\t\t\t\t\t\t\t<div class=\"elementor-gallery-item__overlay\"><\/div>\n\t\t\t\t\t\t\t\t\t\t\t\t\t\t<\/a>\n\t\t\t\t\t\t\t<a class=\"e-gallery-item elementor-gallery-item elementor-animated-content\" href=\"https:\/\/www.bormar.com\/wp-content\/uploads\/2021\/05\/controllo3.jpg\" data-elementor-open-lightbox=\"yes\" data-elementor-lightbox-slideshow=\"all-4a781a3\" data-elementor-lightbox-title=\"controllo3\">\n\t\t\t\t\t<div class=\"e-gallery-image elementor-gallery-item__image\" data-thumbnail=\"https:\/\/www.bormar.com\/wp-content\/uploads\/2021\/05\/controllo3.jpg\" data-width=\"1200\" data-height=\"1200\" alt=\"\" ><\/div>\n\t\t\t\t\t\t\t\t\t\t<div class=\"elementor-gallery-item__overlay\"><\/div>\n\t\t\t\t\t\t\t\t\t\t\t\t\t\t<\/a>\n\t\t\t\t\t\t\t<a class=\"e-gallery-item elementor-gallery-item elementor-animated-content\" href=\"https:\/\/www.bormar.com\/wp-content\/uploads\/2021\/05\/controllo-4.jpg\" data-elementor-open-lightbox=\"yes\" data-elementor-lightbox-slideshow=\"all-4a781a3\" data-elementor-lightbox-title=\"controllo-4\">\n\t\t\t\t\t<div class=\"e-gallery-image elementor-gallery-item__image\" data-thumbnail=\"https:\/\/www.bormar.com\/wp-content\/uploads\/2021\/05\/controllo-4.jpg\" data-width=\"1200\" data-height=\"1200\" alt=\"\" ><\/div>\n\t\t\t\t\t\t\t\t\t\t<div class=\"elementor-gallery-item__overlay\"><\/div>\n\t\t\t\t\t\t\t\t\t\t\t\t\t\t<\/a>\n\t\t\t\t\t\t\t<a class=\"e-gallery-item elementor-gallery-item elementor-animated-content\" href=\"https:\/\/www.bormar.com\/wp-content\/uploads\/2021\/05\/controllo-5.jpg\" data-elementor-open-lightbox=\"yes\" data-elementor-lightbox-slideshow=\"all-4a781a3\" data-elementor-lightbox-title=\"controllo-5\">\n\t\t\t\t\t<div class=\"e-gallery-image elementor-gallery-item__image\" data-thumbnail=\"https:\/\/www.bormar.com\/wp-content\/uploads\/2021\/05\/controllo-5.jpg\" data-width=\"1200\" data-height=\"1200\" alt=\"\" ><\/div>\n\t\t\t\t\t\t\t\t\t\t<div class=\"elementor-gallery-item__overlay\"><\/div>\n\t\t\t\t\t\t\t\t\t\t\t\t\t\t<\/a>\n\t\t\t\t\t\t\t<a class=\"e-gallery-item elementor-gallery-item elementor-animated-content\" href=\"https:\/\/www.bormar.com\/wp-content\/uploads\/2021\/05\/controllo-6.jpg\" data-elementor-open-lightbox=\"yes\" data-elementor-lightbox-slideshow=\"all-4a781a3\" data-elementor-lightbox-title=\"controllo-6\">\n\t\t\t\t\t<div class=\"e-gallery-image elementor-gallery-item__image\" data-thumbnail=\"https:\/\/www.bormar.com\/wp-content\/uploads\/2021\/05\/controllo-6.jpg\" data-width=\"1200\" data-height=\"1200\" alt=\"\" ><\/div>\n\t\t\t\t\t\t\t\t\t\t<div class=\"elementor-gallery-item__overlay\"><\/div>\n\t\t\t\t\t\t\t\t\t\t\t\t\t\t<\/a>\n\t\t\t\t\t<\/div>\n\t\t\t<\/div>\n\t\t\t\t<\/div>\n\t\t\t\t\t<\/div>\n\t\t<\/div>\n\t\t\t\t\t\t\t<\/div>\n\t\t<\/section>\n\t\t\t\t\t<\/div>\n\t\t<\/div>\n\t\t\t\t\t\t\t<\/div>\n\t\t<\/section>\n\t\t\t\t<section class=\"elementor-section elementor-top-section elementor-element elementor-element-368d47e4 elementor-section-boxed elementor-section-height-default elementor-section-height-default\" data-id=\"368d47e4\" data-element_type=\"section\" data-settings=\"{&quot;background_background&quot;:&quot;classic&quot;}\">\n\t\t\t\t\t\t\t<div class=\"elementor-background-overlay\"><\/div>\n\t\t\t\t\t\t\t<div class=\"elementor-container elementor-column-gap-no\">\n\t\t\t\t\t<div class=\"elementor-column elementor-col-100 elementor-top-column elementor-element elementor-element-4b7d7bf6\" data-id=\"4b7d7bf6\" data-element_type=\"column\">\n\t\t\t<div class=\"elementor-widget-wrap elementor-element-populated\">\n\t\t\t\t\t\t\t\t<div class=\"elementor-element elementor-element-2e80c887 elementor-widget-divider--view-line elementor-widget elementor-widget-divider\" data-id=\"2e80c887\" data-element_type=\"widget\" data-widget_type=\"divider.default\">\n\t\t\t\t<div class=\"elementor-widget-container\">\n\t\t\t\t\t<div class=\"elementor-divider\">\n\t\t\t<span class=\"elementor-divider-separator\">\n\t\t\t\t\t\t<\/span>\n\t\t<\/div>\n\t\t\t\t<\/div>\n\t\t\t\t<\/div>\n\t\t\t\t<div class=\"elementor-element elementor-element-2392aba elementor-widget elementor-widget-heading\" data-id=\"2392aba\" data-element_type=\"widget\" data-widget_type=\"heading.default\">\n\t\t\t\t<div class=\"elementor-widget-container\">\n\t\t\t<h2 class=\"elementor-heading-title elementor-size-default\">fordern Sie einen Kostenvoranschlag<\/h2>\t\t<\/div>\n\t\t\t\t<\/div>\n\t\t\t\t<div class=\"elementor-element elementor-element-f305c06 elementor-widget elementor-widget-text-editor\" data-id=\"f305c06\" data-element_type=\"widget\" data-widget_type=\"text-editor.default\">\n\t\t\t\t<div class=\"elementor-widget-container\">\n\t\t\t\t\t\t\t\t<p>Fragen Sie uns nach einem Angebot, wir melden uns innerhalb von 30 Minuten bei Ihnen.<\/p>\n\t\t\t\t\t\t<\/div>\n\t\t\t\t<\/div>\n\t\t\t\t<div class=\"elementor-element elementor-element-364e7181 elementor-align-center elementor-widget elementor-widget-button\" data-id=\"364e7181\" data-element_type=\"widget\" data-widget_type=\"button.default\">\n\t\t\t\t<div class=\"elementor-widget-container\">\n\t\t\t\t\t<div class=\"elementor-button-wrapper\">\n\t\t\t<a href=\"https:\/\/www.bormar.com\/de\/angebot\/\" class=\"elementor-button-link elementor-button elementor-size-sm\" role=\"button\">\n\t\t\t\t\t\t<span class=\"elementor-button-content-wrapper\">\n\t\t\t\t\t\t<span class=\"elementor-button-icon elementor-align-icon-right\">\n\t\t\t\t<svg xmlns=\"http:\/\/www.w3.org\/2000\/svg\" viewBox=\"0 0 32 32\"><path d=\"M 18.71875 6.78125 L 17.28125 8.21875 L 24.0625 15 L 4 15 L 4 17 L 24.0625 17 L 17.28125 23.78125 L 18.71875 25.21875 L 27.21875 16.71875 L 27.90625 16 L 27.21875 15.28125 Z\"><\/path><\/svg>\t\t\t<\/span>\n\t\t\t\t\t\t<span class=\"elementor-button-text\">kontaktieren Sie uns<\/span>\n\t\t<\/span>\n\t\t\t\t\t<\/a>\n\t\t<\/div>\n\t\t\t\t<\/div>\n\t\t\t\t<\/div>\n\t\t\t\t\t<\/div>\n\t\t<\/div>\n\t\t\t\t\t\t\t<\/div>\n\t\t<\/section>\n\t\t\t\t\t\t<\/div>\n\t\t\t\t\t<\/div>\n\t\t","protected":false},"excerpt":{"rendered":"<p>Qualit\u00e4t und Kontrolle Pr\u00fcfung und Kontrolle Die Ma\u00dfpr\u00fcfung der Teile ist die letzte, aber nicht minder wichtige Phase des Produktionszyklusses. Bormar hat bisher viel in diesen Bereich investiert und tut dies auch weiterhin, damit Retouren von nicht konformen Produkten und somit Zeitversluste vermieden werden und die Zufriedenheit der Kunden sichergestellt werden kann. Jedes Fertigungslos wird &hellip;<\/p>\n<p class=\"read-more\"> <a class=\"\" href=\"https:\/\/www.bormar.com\/de\/qualitaetspruefung\/\"> <span class=\"screen-reader-text\">Qualit\u00e4tspr\u00fcfung<\/span> Weiterlesen &raquo;<\/a><\/p>\n","protected":false},"author":1,"featured_media":0,"parent":0,"menu_order":0,"comment_status":"closed","ping_status":"closed","template":"","meta":[],"yoast_head":"<!-- This site is optimized with the Yoast SEO plugin v17.0 - https:\/\/yoast.com\/wordpress\/plugins\/seo\/ -->\n<title>Qualit\u00e4tspr\u00fcfung - Bormar<\/title>\n<meta name=\"description\" content=\"Qualit\u00e4t und Kontrolle Pr\u00fcfung und Kontrolle Die Ma\u00dfpr\u00fcfung der Teile ist die letzte, aber nicht minder wichtige Phase des Produktionszyklusses. Bormar\" \/>\n<meta name=\"robots\" content=\"index, follow, max-snippet:-1, max-image-preview:large, max-video-preview:-1\" \/>\n<link rel=\"canonical\" href=\"https:\/\/www.bormar.com\/de\/qualitaetspruefung\/\" \/>\n<meta property=\"og:locale\" content=\"de_DE\" \/>\n<meta property=\"og:type\" content=\"article\" \/>\n<meta property=\"og:title\" content=\"Qualit\u00e4tspr\u00fcfung - Bormar\" \/>\n<meta property=\"og:description\" content=\"Qualit\u00e4t und Kontrolle Pr\u00fcfung und Kontrolle Die Ma\u00dfpr\u00fcfung der Teile ist die letzte, aber nicht minder wichtige Phase des Produktionszyklusses. Bormar\" \/>\n<meta property=\"og:url\" content=\"https:\/\/www.bormar.com\/de\/qualitaetspruefung\/\" \/>\n<meta property=\"og:site_name\" content=\"Bormar\" \/>\n<meta property=\"article:modified_time\" content=\"2021-07-12T10:43:30+00:00\" \/>\n<meta name=\"twitter:card\" content=\"summary_large_image\" \/>\n<meta name=\"twitter:label1\" content=\"Gesch\u00e4tzte Lesezeit\" \/>\n\t<meta name=\"twitter:data1\" content=\"1 Minute\" \/>\n<script type=\"application\/ld+json\" class=\"yoast-schema-graph\">{\"@context\":\"https:\/\/schema.org\",\"@graph\":[{\"@type\":\"WebSite\",\"@id\":\"https:\/\/www.bormar.com\/#website\",\"url\":\"https:\/\/www.bormar.com\/\",\"name\":\"Bormar\",\"description\":\"Stampi e componenti meccanici di precisione\",\"potentialAction\":[{\"@type\":\"SearchAction\",\"target\":{\"@type\":\"EntryPoint\",\"urlTemplate\":\"https:\/\/www.bormar.com\/?s={search_term_string}\"},\"query-input\":\"required name=search_term_string\"}],\"inLanguage\":\"de-DE\"},{\"@type\":\"WebPage\",\"@id\":\"https:\/\/www.bormar.com\/de\/qualitaetspruefung\/#webpage\",\"url\":\"https:\/\/www.bormar.com\/de\/qualitaetspruefung\/\",\"name\":\"Qualit\\u00e4tspr\\u00fcfung - Bormar\",\"isPartOf\":{\"@id\":\"https:\/\/www.bormar.com\/#website\"},\"datePublished\":\"2021-05-21T14:46:14+00:00\",\"dateModified\":\"2021-07-12T10:43:30+00:00\",\"description\":\"Qualit\\u00e4t und Kontrolle Pr\\u00fcfung und Kontrolle Die Ma\\u00dfpr\\u00fcfung der Teile ist die letzte, aber nicht minder wichtige Phase des Produktionszyklusses. Bormar\",\"breadcrumb\":{\"@id\":\"https:\/\/www.bormar.com\/de\/qualitaetspruefung\/#breadcrumb\"},\"inLanguage\":\"de-DE\",\"potentialAction\":[{\"@type\":\"ReadAction\",\"target\":[\"https:\/\/www.bormar.com\/de\/qualitaetspruefung\/\"]}]},{\"@type\":\"BreadcrumbList\",\"@id\":\"https:\/\/www.bormar.com\/de\/qualitaetspruefung\/#breadcrumb\",\"itemListElement\":[{\"@type\":\"ListItem\",\"position\":1,\"name\":\"Home\",\"item\":\"https:\/\/www.bormar.com\/de\/\"},{\"@type\":\"ListItem\",\"position\":2,\"name\":\"Qualit\\u00e4tspr\\u00fcfung\"}]}]}<\/script>\n<!-- \/ Yoast SEO plugin. -->","yoast_head_json":{"title":"Qualit\u00e4tspr\u00fcfung - Bormar","description":"Qualit\u00e4t und Kontrolle Pr\u00fcfung und Kontrolle Die Ma\u00dfpr\u00fcfung der Teile ist die letzte, aber nicht minder wichtige Phase des Produktionszyklusses. Bormar","robots":{"index":"index","follow":"follow","max-snippet":"max-snippet:-1","max-image-preview":"max-image-preview:large","max-video-preview":"max-video-preview:-1"},"canonical":"https:\/\/www.bormar.com\/de\/qualitaetspruefung\/","og_locale":"de_DE","og_type":"article","og_title":"Qualit\u00e4tspr\u00fcfung - Bormar","og_description":"Qualit\u00e4t und Kontrolle Pr\u00fcfung und Kontrolle Die Ma\u00dfpr\u00fcfung der Teile ist die letzte, aber nicht minder wichtige Phase des Produktionszyklusses. Bormar","og_url":"https:\/\/www.bormar.com\/de\/qualitaetspruefung\/","og_site_name":"Bormar","article_modified_time":"2021-07-12T10:43:30+00:00","twitter_card":"summary_large_image","twitter_misc":{"Gesch\u00e4tzte Lesezeit":"1 Minute"},"schema":{"@context":"https:\/\/schema.org","@graph":[{"@type":"WebSite","@id":"https:\/\/www.bormar.com\/#website","url":"https:\/\/www.bormar.com\/","name":"Bormar","description":"Stampi e componenti meccanici di precisione","potentialAction":[{"@type":"SearchAction","target":{"@type":"EntryPoint","urlTemplate":"https:\/\/www.bormar.com\/?s={search_term_string}"},"query-input":"required name=search_term_string"}],"inLanguage":"de-DE"},{"@type":"WebPage","@id":"https:\/\/www.bormar.com\/de\/qualitaetspruefung\/#webpage","url":"https:\/\/www.bormar.com\/de\/qualitaetspruefung\/","name":"Qualit\u00e4tspr\u00fcfung - Bormar","isPartOf":{"@id":"https:\/\/www.bormar.com\/#website"},"datePublished":"2021-05-21T14:46:14+00:00","dateModified":"2021-07-12T10:43:30+00:00","description":"Qualit\u00e4t und Kontrolle Pr\u00fcfung und Kontrolle Die Ma\u00dfpr\u00fcfung der Teile ist die letzte, aber nicht minder wichtige Phase des Produktionszyklusses. Bormar","breadcrumb":{"@id":"https:\/\/www.bormar.com\/de\/qualitaetspruefung\/#breadcrumb"},"inLanguage":"de-DE","potentialAction":[{"@type":"ReadAction","target":["https:\/\/www.bormar.com\/de\/qualitaetspruefung\/"]}]},{"@type":"BreadcrumbList","@id":"https:\/\/www.bormar.com\/de\/qualitaetspruefung\/#breadcrumb","itemListElement":[{"@type":"ListItem","position":1,"name":"Home","item":"https:\/\/www.bormar.com\/de\/"},{"@type":"ListItem","position":2,"name":"Qualit\u00e4tspr\u00fcfung"}]}]}},"_links":{"self":[{"href":"https:\/\/www.bormar.com\/de\/wp-json\/wp\/v2\/pages\/3757"}],"collection":[{"href":"https:\/\/www.bormar.com\/de\/wp-json\/wp\/v2\/pages"}],"about":[{"href":"https:\/\/www.bormar.com\/de\/wp-json\/wp\/v2\/types\/page"}],"author":[{"embeddable":true,"href":"https:\/\/www.bormar.com\/de\/wp-json\/wp\/v2\/users\/1"}],"replies":[{"embeddable":true,"href":"https:\/\/www.bormar.com\/de\/wp-json\/wp\/v2\/comments?post=3757"}],"version-history":[{"count":2,"href":"https:\/\/www.bormar.com\/de\/wp-json\/wp\/v2\/pages\/3757\/revisions"}],"predecessor-version":[{"id":4632,"href":"https:\/\/www.bormar.com\/de\/wp-json\/wp\/v2\/pages\/3757\/revisions\/4632"}],"wp:attachment":[{"href":"https:\/\/www.bormar.com\/de\/wp-json\/wp\/v2\/media?parent=3757"}],"curies":[{"name":"wp","href":"https:\/\/api.w.org\/{rel}","templated":true}]}}